{"id":251,"date":"2025-04-13T15:38:15","date_gmt":"2025-04-13T15:38:15","guid":{"rendered":"https:\/\/dragonscurieux.com\/?page_id=251"},"modified":"2025-09-28T14:41:30","modified_gmt":"2025-09-28T14:41:30","slug":"dracopolis-la-cite-du-livre-et-de-limaginaire","status":"publish","type":"page","link":"https:\/\/dragonscurieux.com\/index.php\/dracopolis-la-cite-du-livre-et-de-limaginaire\/","title":{"rendered":"DRACOPOLIS, la Cit\u00e9 du Livre et de l&rsquo;Imaginaire"},"content":{"rendered":"<p>\n\n\n<\/p>\n<p>\n\n\n<\/p>\n<p>\n\n\n<\/p>\n<p>\n\n\n<\/p>\n<p>\n\n\n<\/p>\n<div id=\"ez-toc-container\" class=\"ez-toc-v2_0_53 counter-hierarchy ez-toc-counter ez-toc-grey ez-toc-container-direction\">\n<div class=\"ez-toc-title-container\">\n<p class=\"ez-toc-title \" >Table des mati\u00e8res<\/p>\n<span class=\"ez-toc-title-toggle\"><a href=\"#\" class=\"ez-toc-pull-right ez-toc-btn ez-toc-btn-xs ez-toc-btn-default ez-toc-toggle\" aria-label=\"Toggle Table of Content\" role=\"button\"><label for=\"item-69f8685ac2ccc\" ><span class=\"\"><span style=\"display:none;\">Toggle<\/span><span class=\"ez-toc-icon-toggle-span\"><svg style=\"fill: #999;color:#999\" xmlns=\"http:\/\/www.w3.org\/2000\/svg\" class=\"list-377408\" width=\"20px\" height=\"20px\" viewBox=\"0 0 24 24\" fill=\"none\"><path d=\"M6 6H4v2h2V6zm14 0H8v2h12V6zM4 11h2v2H4v-2zm16 0H8v2h12v-2zM4 16h2v2H4v-2zm16 0H8v2h12v-2z\" fill=\"currentColor\"><\/path><\/svg><svg style=\"fill: #999;color:#999\" class=\"arrow-unsorted-368013\" xmlns=\"http:\/\/www.w3.org\/2000\/svg\" width=\"10px\" height=\"10px\" viewBox=\"0 0 24 24\" version=\"1.2\" baseProfile=\"tiny\"><path d=\"M18.2 9.3l-6.2-6.3-6.2 6.3c-.2.2-.3.4-.3.7s.1.5.3.7c.2.2.4.3.7.3h11c.3 0 .5-.1.7-.3.2-.2.3-.5.3-.7s-.1-.5-.3-.7zM5.8 14.7l6.2 6.3 6.2-6.3c.2-.2.3-.5.3-.7s-.1-.5-.3-.7c-.2-.2-.4-.3-.7-.3h-11c-.3 0-.5.1-.7.3-.2.2-.3.5-.3.7s.1.5.3.7z\"\/><\/svg><\/span><\/span><\/label><input aria-label=\"Toggle\" aria-label=\"item-69f8685ac2ccc\"  type=\"checkbox\" id=\"item-69f8685ac2ccc\"><\/a><\/span><\/div>\n<nav><ul class='ez-toc-list ez-toc-list-level-1 ' ><li class='ez-toc-page-1 ez-toc-heading-level-3'><a class=\"ez-toc-link ez-toc-heading-1\" href=\"https:\/\/dragonscurieux.com\/index.php\/dracopolis-la-cite-du-livre-et-de-limaginaire\/#DRACOPOLIS_2025_PREMIERE_EDITION_D%E2%80%99UN_SALON_LITTERAIRE_DEDIE_AUX_MONDES_IMAGINAIRES\" title=\"DRACOPOLIS 2025 : PREMI\u00c8RE \u00c9DITION D\u2019UN SALON LITT\u00c9RAIRE D\u00c9DI\u00c9 AUX MONDES IMAGINAIRES\">DRACOPOLIS 2025 : PREMI\u00c8RE \u00c9DITION D\u2019UN SALON LITT\u00c9RAIRE D\u00c9DI\u00c9 AUX MONDES IMAGINAIRES<\/a><ul class='ez-toc-list-level-4'><li class='ez-toc-heading-level-4'><a class=\"ez-toc-link ez-toc-heading-2\" href=\"https:\/\/dragonscurieux.com\/index.php\/dracopolis-la-cite-du-livre-et-de-limaginaire\/#AU_PROGRAMME_DE_DRACOPOLIS_2025\" title=\"AU PROGRAMME DE DRACOPOLIS 2025\">AU PROGRAMME DE DRACOPOLIS 2025<\/a><\/li><\/ul><\/li><li class='ez-toc-page-1 ez-toc-heading-level-3'><a class=\"ez-toc-link ez-toc-heading-3\" href=\"https:\/\/dragonscurieux.com\/index.php\/dracopolis-la-cite-du-livre-et-de-limaginaire\/#UNE_PREMIERE_EDITION_QUI_AMBITIONNE_DE_DEVENIR_UN_INCONTOURNABLE\" title=\"UNE PREMI\u00c8RE \u00c9DITION QUI AMBITIONNE DE DEVENIR UN INCONTOURNABLE\">UNE PREMI\u00c8RE \u00c9DITION QUI AMBITIONNE DE DEVENIR UN INCONTOURNABLE<\/a><\/li><\/ul><\/nav><\/div>\n<h3 class=\"wp-block-heading\"><span class=\"ez-toc-section\" id=\"DRACOPOLIS_2025_PREMIERE_EDITION_D%E2%80%99UN_SALON_LITTERAIRE_DEDIE_AUX_MONDES_IMAGINAIRES\"><\/span>DRACOPOLIS 2025 : PREMI\u00c8RE \u00c9DITION D\u2019UN SALON LITT\u00c9RAIRE D\u00c9DI\u00c9 AUX MONDES IMAGINAIRES<span class=\"ez-toc-section-end\"><\/span><\/h3>\n<p>\n\n\n<\/p>\n<p>\n\n\n<\/p>\n<p><strong>Une nouvelle \u00e8re s\u2019ouvre pour les passionn\u00e9s dr\u00f4mois de fantasy, de science-fiction et de litt\u00e9rature fantastique. La premi\u00e8re \u00e9dition de Dracopolis, le salon litt\u00e9raire des mondes imaginaires, se tiendra le samedi 18 octobre 2025 \u00e0 la MPT Petit Charran \u00e0 Valence. Une journ\u00e9e enti\u00e8re consacr\u00e9e aux rencontres litt\u00e9raires et \u00e0 la d\u00e9couverte d\u2019univers fascinants.<\/strong><\/p>\n<p>\n\n\n<\/p>\n<p>\n\n\n<\/p>\n<p>UN NOUVEAU RENDEZ-VOUS CULTUREL POUR LES PASSIONN\u00c9S D\u2019IMAGINAIRE<\/p>\n<p>\n\n\n<\/p>\n<p>\n\n\n<\/p>\n<p>Dracopolis est un \u00e9v\u00e9nement con\u00e7u pour rassembler auteurs, illustrateurs, \u00e9diteurs, artisans et lecteurs autour d\u2019une m\u00eame passion : la lecture et l\u2019imaginaire sous toutes ses formes Pour cette premi\u00e8re \u00e9dition, le salon proposera une programmation riche et vari\u00e9e.<\/p>\n<p>\u00a0<\/p>\n<p>\n\n\n<\/p>\n<p>\n\n\n<\/p>\n<h4 class=\"wp-block-heading\"><span class=\"ez-toc-section\" id=\"AU_PROGRAMME_DE_DRACOPOLIS_2025\"><\/span>AU PROGRAMME DE DRACOPOLIS 2025<span class=\"ez-toc-section-end\"><\/span><\/h4>\n<p>\n\n\n<\/p>\n<p>\n\n\n<\/p>\n<ul class=\"wp-block-list\">\n<li style=\"list-style-type: none;\">\n<ul>\n\n<\/ul>\n<\/li>\n<\/ul>\n<p>\u00a0<\/p>\n<ul>\n<li style=\"list-style-type: none;\">\n<ul>\n<li>Rencontres et d\u00e9dicaces avec des auteurs incontournables et de nouveaux talents du genre.<\/li>\n<\/ul>\n<\/li>\n<\/ul>\n<p>\n\n<\/p>\n<p>\n\n<\/p>\n<ul>\n<li style=\"list-style-type: none;\">\n<ul>\n<li>\u00c9diteurs ind\u00e9pendants et libraires<\/li>\n<\/ul>\n<\/li>\n<\/ul>\n<p>\n\n<\/p>\n<p>\n\n<\/p>\n<ul>\n<li style=\"list-style-type: none;\">\n<ul>\n<li>De fantastiques tables rondes<\/li>\n<\/ul>\n<\/li>\n<\/ul>\n<p>\n\n<\/p>\n<p>\n\n<\/p>\n<ul>\n<li style=\"list-style-type: none;\">\n<ul>\n<li>Concours de nouvelles et d\u2019illustrations<\/li>\n<\/ul>\n<\/li>\n<\/ul>\n<p>\n\n<\/p>\n<p>\n\n<\/p>\n<ul>\n<li style=\"list-style-type: none;\">\n<ul>\n<li>Ateliers artistiques et interactifs : jeu de r\u00f4les et de plateau, atelier d&rsquo;illustration\u2026.<\/li>\n<\/ul>\n<\/li>\n<\/ul>\n<p>\n\n<\/p>\n<p>\n\n<\/p>\n<ul>\n<li style=\"list-style-type: none;\">\n<ul>\n<li>Un espace jeunesse avec lectures et ateliers,<\/li>\n<\/ul>\n<\/li>\n<\/ul>\n<p>\n\n<\/p>\n<p>\n\n<\/p>\n<ul>\n<li style=\"list-style-type: none;\">\n<ul>\n<li>Des expositions,<\/li>\n<\/ul>\n<\/li>\n<\/ul>\n<p>\n\n<\/p>\n<p>\n\n<\/p>\n<ul>\n<li style=\"list-style-type: none;\">\n<ul>\n<li>Un espace d&rsquo;expression pour les cr\u00e9ateurs et artisans locaux, d\u00e9di\u00e9 aux amateurs du genre.<br \/><br \/><\/li>\n<\/ul>\n<\/li>\n<\/ul>\n<p>\n\n<\/p>\n<p>\n\n\n<\/p>\n<p>\n\n\n<\/p>\n<h3 class=\"wp-block-heading\"><span class=\"ez-toc-section\" id=\"UNE_PREMIERE_EDITION_QUI_AMBITIONNE_DE_DEVENIR_UN_INCONTOURNABLE\"><\/span>UNE PREMI\u00c8RE \u00c9DITION QUI AMBITIONNE DE DEVENIR UN INCONTOURNABLE<span class=\"ez-toc-section-end\"><\/span><\/h3>\n<p>\n\n\n<\/p>\n<p>\n\n\n<\/p>\n<p>Avec Dracopolis, les organisateurs souhaitent cr\u00e9er un rendez-vous annuel majeur consacr\u00e9 aux litt\u00e9ratures de l\u2019imaginaire. Que vous soyez simplement curieux, lecteur passionn\u00e9, grand ou petit r\u00eaveur, ce salon est pens\u00e9 pour vous faire voyager au c\u0153ur de mondes extraordinaires.<\/p>\n<p>\n\n\n<\/p>","protected":false},"excerpt":{"rendered":"<p>DRACOPOLIS 2025 : PREMI\u00c8RE \u00c9DITION D\u2019UN SALON LITT\u00c9RAIRE D\u00c9DI\u00c9 AUX MONDES IMAGINAIRES Une nouvelle \u00e8re s\u2019ouvre pour les passionn\u00e9s dr\u00f4mois de fantasy, de science-fiction et de litt\u00e9rature fantastique. La premi\u00e8re \u00e9dition de Dracopolis, le salon litt\u00e9raire des mondes imaginaires, se tiendra le samedi 18 octobre 2025 \u00e0 la MPT Petit Charran \u00e0 Valence. Une journ\u00e9e [&hellip;]<\/p>\n","protected":false},"author":1,"featured_media":0,"parent":0,"menu_order":0,"comment_status":"closed","ping_status":"closed","template":"","meta":{"om_disable_all_campaigns":false,"_mi_skip_tracking":false,"_monsterinsights_sitenote_active":false,"_monsterinsights_sitenote_note":"","_monsterinsights_sitenote_category":0,"cybocfi_hide_featured_image":"","footnotes":""},"class_list":["post-251","page","type-page","status-publish","hentry","entry"],"yoast_head":"<!-- This site is optimized with the Yoast SEO plugin v20.13 - https:\/\/yoast.com\/wordpress\/plugins\/seo\/ -->\n<title>DRACOPOLIS, la Cit\u00e9 du Livre et de l&#039;Imaginaire - Dragons curieux<\/title>\n<meta name=\"robots\" content=\"index, follow, max-snippet:-1, max-image-preview:large, max-video-preview:-1\" \/>\n<link rel=\"canonical\" href=\"https:\/\/dragonscurieux.com\/index.php\/dracopolis-la-cite-du-livre-et-de-limaginaire\/\" \/>\n<meta property=\"og:locale\" content=\"fr_FR\" \/>\n<meta property=\"og:type\" content=\"article\" \/>\n<meta property=\"og:title\" content=\"DRACOPOLIS, la Cit\u00e9 du Livre et de l&#039;Imaginaire - Dragons curieux\" \/>\n<meta property=\"og:description\" content=\"DRACOPOLIS 2025 : PREMI\u00c8RE \u00c9DITION D\u2019UN SALON LITT\u00c9RAIRE D\u00c9DI\u00c9 AUX MONDES IMAGINAIRES Une nouvelle \u00e8re s\u2019ouvre pour les passionn\u00e9s dr\u00f4mois de fantasy, de science-fiction et de litt\u00e9rature fantastique. La premi\u00e8re \u00e9dition de Dracopolis, le salon litt\u00e9raire des mondes imaginaires, se tiendra le samedi 18 octobre 2025 \u00e0 la MPT Petit Charran \u00e0 Valence. Une journ\u00e9e [&hellip;]\" \/>\n<meta property=\"og:url\" content=\"https:\/\/dragonscurieux.com\/index.php\/dracopolis-la-cite-du-livre-et-de-limaginaire\/\" \/>\n<meta property=\"og:site_name\" content=\"Dragons curieux\" \/>\n<meta property=\"article:modified_time\" content=\"2025-09-28T14:41:30+00:00\" \/>\n<meta name=\"twitter:card\" content=\"summary_large_image\" \/>\n<meta name=\"twitter:label1\" content=\"Dur\u00e9e de lecture estim\u00e9e\" \/>\n\t<meta name=\"twitter:data1\" content=\"2 minutes\" \/>\n<script type=\"application\/ld+json\" class=\"yoast-schema-graph\">{\"@context\":\"https:\/\/schema.org\",\"@graph\":[{\"@type\":\"WebPage\",\"@id\":\"https:\/\/dragonscurieux.com\/index.php\/dracopolis-la-cite-du-livre-et-de-limaginaire\/\",\"url\":\"https:\/\/dragonscurieux.com\/index.php\/dracopolis-la-cite-du-livre-et-de-limaginaire\/\",\"name\":\"DRACOPOLIS, la Cit\u00e9 du Livre et de l'Imaginaire - Dragons curieux\",\"isPartOf\":{\"@id\":\"https:\/\/dragonscurieux.com\/#website\"},\"datePublished\":\"2025-04-13T15:38:15+00:00\",\"dateModified\":\"2025-09-28T14:41:30+00:00\",\"breadcrumb\":{\"@id\":\"https:\/\/dragonscurieux.com\/index.php\/dracopolis-la-cite-du-livre-et-de-limaginaire\/#breadcrumb\"},\"inLanguage\":\"fr-FR\",\"potentialAction\":[{\"@type\":\"ReadAction\",\"target\":[\"https:\/\/dragonscurieux.com\/index.php\/dracopolis-la-cite-du-livre-et-de-limaginaire\/\"]}]},{\"@type\":\"BreadcrumbList\",\"@id\":\"https:\/\/dragonscurieux.com\/index.php\/dracopolis-la-cite-du-livre-et-de-limaginaire\/#breadcrumb\",\"itemListElement\":[{\"@type\":\"ListItem\",\"position\":1,\"name\":\"Accueil\",\"item\":\"https:\/\/dragonscurieux.com\/\"},{\"@type\":\"ListItem\",\"position\":2,\"name\":\"DRACOPOLIS, la Cit\u00e9 du Livre et de l&rsquo;Imaginaire\"}]},{\"@type\":\"WebSite\",\"@id\":\"https:\/\/dragonscurieux.com\/#website\",\"url\":\"https:\/\/dragonscurieux.com\/\",\"name\":\"Dragons curieux\",\"description\":\"\",\"publisher\":{\"@id\":\"https:\/\/dragonscurieux.com\/#organization\"},\"potentialAction\":[{\"@type\":\"SearchAction\",\"target\":{\"@type\":\"EntryPoint\",\"urlTemplate\":\"https:\/\/dragonscurieux.com\/?s={search_term_string}\"},\"query-input\":\"required name=search_term_string\"}],\"inLanguage\":\"fr-FR\"},{\"@type\":\"Organization\",\"@id\":\"https:\/\/dragonscurieux.com\/#organization\",\"name\":\"Dragons curieux\",\"url\":\"https:\/\/dragonscurieux.com\/\",\"logo\":{\"@type\":\"ImageObject\",\"inLanguage\":\"fr-FR\",\"@id\":\"https:\/\/dragonscurieux.com\/#\/schema\/logo\/image\/\",\"url\":\"https:\/\/dragonscurieux.com\/wp-content\/uploads\/2022\/09\/cropped-illustartion-blog.png\",\"contentUrl\":\"https:\/\/dragonscurieux.com\/wp-content\/uploads\/2022\/09\/cropped-illustartion-blog.png\",\"width\":1200,\"height\":474,\"caption\":\"Dragons curieux\"},\"image\":{\"@id\":\"https:\/\/dragonscurieux.com\/#\/schema\/logo\/image\/\"}}]}<\/script>\n<!-- \/ Yoast SEO plugin. -->","yoast_head_json":{"title":"DRACOPOLIS, la Cit\u00e9 du Livre et de l'Imaginaire - Dragons curieux","robots":{"index":"index","follow":"follow","max-snippet":"max-snippet:-1","max-image-preview":"max-image-preview:large","max-video-preview":"max-video-preview:-1"},"canonical":"https:\/\/dragonscurieux.com\/index.php\/dracopolis-la-cite-du-livre-et-de-limaginaire\/","og_locale":"fr_FR","og_type":"article","og_title":"DRACOPOLIS, la Cit\u00e9 du Livre et de l'Imaginaire - Dragons curieux","og_description":"DRACOPOLIS 2025 : PREMI\u00c8RE \u00c9DITION D\u2019UN SALON LITT\u00c9RAIRE D\u00c9DI\u00c9 AUX MONDES IMAGINAIRES Une nouvelle \u00e8re s\u2019ouvre pour les passionn\u00e9s dr\u00f4mois de fantasy, de science-fiction et de litt\u00e9rature fantastique. La premi\u00e8re \u00e9dition de Dracopolis, le salon litt\u00e9raire des mondes imaginaires, se tiendra le samedi 18 octobre 2025 \u00e0 la MPT Petit Charran \u00e0 Valence. Une journ\u00e9e [&hellip;]","og_url":"https:\/\/dragonscurieux.com\/index.php\/dracopolis-la-cite-du-livre-et-de-limaginaire\/","og_site_name":"Dragons curieux","article_modified_time":"2025-09-28T14:41:30+00:00","twitter_card":"summary_large_image","twitter_misc":{"Dur\u00e9e de lecture estim\u00e9e":"2 minutes"},"schema":{"@context":"https:\/\/schema.org","@graph":[{"@type":"WebPage","@id":"https:\/\/dragonscurieux.com\/index.php\/dracopolis-la-cite-du-livre-et-de-limaginaire\/","url":"https:\/\/dragonscurieux.com\/index.php\/dracopolis-la-cite-du-livre-et-de-limaginaire\/","name":"DRACOPOLIS, la Cit\u00e9 du Livre et de l'Imaginaire - Dragons curieux","isPartOf":{"@id":"https:\/\/dragonscurieux.com\/#website"},"datePublished":"2025-04-13T15:38:15+00:00","dateModified":"2025-09-28T14:41:30+00:00","breadcrumb":{"@id":"https:\/\/dragonscurieux.com\/index.php\/dracopolis-la-cite-du-livre-et-de-limaginaire\/#breadcrumb"},"inLanguage":"fr-FR","potentialAction":[{"@type":"ReadAction","target":["https:\/\/dragonscurieux.com\/index.php\/dracopolis-la-cite-du-livre-et-de-limaginaire\/"]}]},{"@type":"BreadcrumbList","@id":"https:\/\/dragonscurieux.com\/index.php\/dracopolis-la-cite-du-livre-et-de-limaginaire\/#breadcrumb","itemListElement":[{"@type":"ListItem","position":1,"name":"Accueil","item":"https:\/\/dragonscurieux.com\/"},{"@type":"ListItem","position":2,"name":"DRACOPOLIS, la Cit\u00e9 du Livre et de l&rsquo;Imaginaire"}]},{"@type":"WebSite","@id":"https:\/\/dragonscurieux.com\/#website","url":"https:\/\/dragonscurieux.com\/","name":"Dragons curieux","description":"","publisher":{"@id":"https:\/\/dragonscurieux.com\/#organization"},"potentialAction":[{"@type":"SearchAction","target":{"@type":"EntryPoint","urlTemplate":"https:\/\/dragonscurieux.com\/?s={search_term_string}"},"query-input":"required name=search_term_string"}],"inLanguage":"fr-FR"},{"@type":"Organization","@id":"https:\/\/dragonscurieux.com\/#organization","name":"Dragons curieux","url":"https:\/\/dragonscurieux.com\/","logo":{"@type":"ImageObject","inLanguage":"fr-FR","@id":"https:\/\/dragonscurieux.com\/#\/schema\/logo\/image\/","url":"https:\/\/dragonscurieux.com\/wp-content\/uploads\/2022\/09\/cropped-illustartion-blog.png","contentUrl":"https:\/\/dragonscurieux.com\/wp-content\/uploads\/2022\/09\/cropped-illustartion-blog.png","width":1200,"height":474,"caption":"Dragons curieux"},"image":{"@id":"https:\/\/dragonscurieux.com\/#\/schema\/logo\/image\/"}}]}},"_links":{"self":[{"href":"https:\/\/dragonscurieux.com\/index.php\/wp-json\/wp\/v2\/pages\/251","targetHints":{"allow":["GET"]}}],"collection":[{"href":"https:\/\/dragonscurieux.com\/index.php\/wp-json\/wp\/v2\/pages"}],"about":[{"href":"https:\/\/dragonscurieux.com\/index.php\/wp-json\/wp\/v2\/types\/page"}],"author":[{"embeddable":true,"href":"https:\/\/dragonscurieux.com\/index.php\/wp-json\/wp\/v2\/users\/1"}],"replies":[{"embeddable":true,"href":"https:\/\/dragonscurieux.com\/index.php\/wp-json\/wp\/v2\/comments?post=251"}],"version-history":[{"count":12,"href":"https:\/\/dragonscurieux.com\/index.php\/wp-json\/wp\/v2\/pages\/251\/revisions"}],"predecessor-version":[{"id":462,"href":"https:\/\/dragonscurieux.com\/index.php\/wp-json\/wp\/v2\/pages\/251\/revisions\/462"}],"wp:attachment":[{"href":"https:\/\/dragonscurieux.com\/index.php\/wp-json\/wp\/v2\/media?parent=251"}],"curies":[{"name":"wp","href":"https:\/\/api.w.org\/{rel}","templated":true}]}}