{"id":273,"date":"2025-04-20T14:38:45","date_gmt":"2025-04-20T14:38:45","guid":{"rendered":"https:\/\/dragonscurieux.com\/?page_id=273"},"modified":"2025-04-20T15:01:18","modified_gmt":"2025-04-20T15:01:18","slug":"actualites-2","status":"publish","type":"page","link":"https:\/\/dragonscurieux.com\/index.php\/actualites-2\/","title":{"rendered":"Actualit\u00e9s Dracopolis"},"content":{"rendered":"\n<p>Retrouvez ici toutes les actualit\u00e9s de Dracopolis, la Cit\u00e9 du Livre et de l\u2019Imaginaire !<\/p>\n\n\n<ul class=\"wp-block-latest-posts__list wp-block-latest-posts\"><li><div class=\"wp-block-latest-posts__featured-image\"><img loading=\"lazy\" decoding=\"async\" width=\"150\" height=\"150\" src=\"https:\/\/dragonscurieux.com\/wp-content\/uploads\/2025\/09\/15-auteurs-3-illustrateurs-7-exposants-Pour-les-enfants-et-les-adultes-_20250903_131131_0000-2-150x150.jpg\" class=\"attachment-thumbnail size-thumbnail wp-post-image\" alt=\"\" style=\"\" srcset=\"https:\/\/dragonscurieux.com\/wp-content\/uploads\/2025\/09\/15-auteurs-3-illustrateurs-7-exposants-Pour-les-enfants-et-les-adultes-_20250903_131131_0000-2-150x150.jpg 150w, https:\/\/dragonscurieux.com\/wp-content\/uploads\/2025\/09\/15-auteurs-3-illustrateurs-7-exposants-Pour-les-enfants-et-les-adultes-_20250903_131131_0000-2-600x600.jpg 600w\" sizes=\"auto, (max-width: 150px) 100vw, 150px\" \/><\/div><a class=\"wp-block-latest-posts__post-title\" href=\"https:\/\/dragonscurieux.com\/index.php\/2025\/09\/08\/decouvrez-la-programmation\/\">D\u00e9couvrez la programmation !<\/a><div class=\"wp-block-latest-posts__post-excerpt\"><\/div><\/li>\n<li><div class=\"wp-block-latest-posts__featured-image\"><img loading=\"lazy\" decoding=\"async\" width=\"150\" height=\"150\" src=\"https:\/\/dragonscurieux.com\/wp-content\/uploads\/2025\/08\/Presentation-H.BOZINO_20250822_155411_0000-1-150x150.jpg\" class=\"attachment-thumbnail size-thumbnail wp-post-image\" alt=\"\" style=\"\" srcset=\"https:\/\/dragonscurieux.com\/wp-content\/uploads\/2025\/08\/Presentation-H.BOZINO_20250822_155411_0000-1-150x150.jpg 150w, https:\/\/dragonscurieux.com\/wp-content\/uploads\/2025\/08\/Presentation-H.BOZINO_20250822_155411_0000-1-600x600.jpg 600w\" sizes=\"auto, (max-width: 150px) 100vw, 150px\" \/><\/div><a class=\"wp-block-latest-posts__post-title\" href=\"https:\/\/dragonscurieux.com\/index.php\/2025\/08\/22\/harry-bozino-troisieme-et-dernier-invite-de-cette-edition\/\">Harry BOZINO, troisi\u00e8me et dernier invit\u00e9 de cette \u00e9dition !<\/a><div class=\"wp-block-latest-posts__post-excerpt\">N\u00e9 en 1989 dans le sud de la France, Harry Bozino a \u00e9tudi\u00e9 le cin\u00e9ma \u00e0 Paris puis \u00e0 New York. Apr\u00e8s avoir travaill\u00e9 en tant qu\u2019assistant sur quelques longs m\u00e9trages, il \u00e9crit et r\u00e9alise plusieurs clips et courts m\u00e9trages dont\u00a0La Vieillesse Dans La Peau\u00a0et\u00a0Le Dernier No\u00ebl, qui seront diffus\u00e9s sur OCS, Cin\u00e9+ et dans\u2026 <a class=\"wp-block-latest-posts__read-more\" href=\"https:\/\/dragonscurieux.com\/index.php\/2025\/08\/22\/harry-bozino-troisieme-et-dernier-invite-de-cette-edition\/\" rel=\"noopener noreferrer\">Lire la suite<span class=\"screen-reader-text\">\u00a0: Harry BOZINO, troisi\u00e8me et dernier invit\u00e9 de cette \u00e9dition !<\/span><\/a><\/div><\/li>\n<li><div class=\"wp-block-latest-posts__featured-image\"><img loading=\"lazy\" decoding=\"async\" width=\"150\" height=\"150\" src=\"https:\/\/dragonscurieux.com\/wp-content\/uploads\/2025\/06\/Presentation-Alice-D-819x1024-1-150x150.jpg\" class=\"attachment-thumbnail size-thumbnail wp-post-image\" alt=\"\" style=\"\" srcset=\"https:\/\/dragonscurieux.com\/wp-content\/uploads\/2025\/06\/Presentation-Alice-D-819x1024-1-150x150.jpg 150w, https:\/\/dragonscurieux.com\/wp-content\/uploads\/2025\/06\/Presentation-Alice-D-819x1024-1-600x600.jpg 600w\" sizes=\"auto, (max-width: 150px) 100vw, 150px\" \/><\/div><a class=\"wp-block-latest-posts__post-title\" href=\"https:\/\/dragonscurieux.com\/index.php\/2025\/07\/26\/alice-doublier-notre-seconde-invitee-pour-dracopolis-2025\/\">Alice DOUBLIER : notre seconde invit\u00e9e pour Dracopolis 2025<\/a><div class=\"wp-block-latest-posts__post-excerpt\">Nous sommes enchant\u00e9s de vous pr\u00e9senter une autre plume talentueuse qui rejoindra Dracopolis 2025 : Alice DOUBLIER ! \u270d\ufe0f\u2728 Autrice au style captivant, elle excelle \u00e0 b\u00e2tir des mondes foisonnants o\u00f9 les secrets et les complots se m\u00ealent \u00e0 l&rsquo;exploration des parts d\u2019ombres de ses personnages. Originaire de l\u2019Is\u00e8re, elle est \u00e9galement correctrice professionnelle, un\u2026 <a class=\"wp-block-latest-posts__read-more\" href=\"https:\/\/dragonscurieux.com\/index.php\/2025\/07\/26\/alice-doublier-notre-seconde-invitee-pour-dracopolis-2025\/\" rel=\"noopener noreferrer\">Lire la suite<span class=\"screen-reader-text\">\u00a0: Alice DOUBLIER : notre seconde invit\u00e9e pour Dracopolis 2025<\/span><\/a><\/div><\/li>\n<li><div class=\"wp-block-latest-posts__featured-image\"><img loading=\"lazy\" decoding=\"async\" width=\"150\" height=\"150\" src=\"https:\/\/dragonscurieux.com\/wp-content\/uploads\/2025\/06\/Auteurs-Programmation_20250622_140737_0000-819x1024-1-150x150.png\" class=\"attachment-thumbnail size-thumbnail wp-post-image\" alt=\"\" style=\"\" srcset=\"https:\/\/dragonscurieux.com\/wp-content\/uploads\/2025\/06\/Auteurs-Programmation_20250622_140737_0000-819x1024-1-150x150.png 150w, https:\/\/dragonscurieux.com\/wp-content\/uploads\/2025\/06\/Auteurs-Programmation_20250622_140737_0000-819x1024-1-600x600.png 600w\" sizes=\"auto, (max-width: 150px) 100vw, 150px\" \/><\/div><a class=\"wp-block-latest-posts__post-title\" href=\"https:\/\/dragonscurieux.com\/index.php\/2025\/06\/22\/erik-lhomme-premier-invite-de-dracopolis-2025\/\">Erik L&rsquo;HOMME, premier invit\u00e9 de DRACOPOLIS 2025<\/a><div class=\"wp-block-latest-posts__post-excerpt\">Nous sommes tr\u00e8s heureux de vous annoncer le premier invit\u00e9 de Dracopolis 2025 : Erik L&rsquo;HOMME ! \u270d\ufe0f\u2728 Cet auteur incontournable est ma\u00eetre dans l&rsquo;art de construire des univers riches et complexes. Son style fluide nous entra\u00eene dans des aventures fantastiques et des qu\u00eates initiatiques qui r\u00e9sonnent \u00e0 merveille avec le th\u00e8me de notre salon\u2026 <a class=\"wp-block-latest-posts__read-more\" href=\"https:\/\/dragonscurieux.com\/index.php\/2025\/06\/22\/erik-lhomme-premier-invite-de-dracopolis-2025\/\" rel=\"noopener noreferrer\">Lire la suite<span class=\"screen-reader-text\">\u00a0: Erik L&rsquo;HOMME, premier invit\u00e9 de DRACOPOLIS 2025<\/span><\/a><\/div><\/li>\n<li><a class=\"wp-block-latest-posts__post-title\" href=\"https:\/\/dragonscurieux.com\/index.php\/2025\/06\/22\/affiche-dracopolis-2025\/\">Affiche DRACOPOLIS 2025<\/a><div class=\"wp-block-latest-posts__post-excerpt\">Nous avons le plaisir de vous d\u00e9voiler l&rsquo;affiche officielle de Dracopolis 2025 ! Pour cette premi\u00e8re \u00e9dition, l&rsquo;\u00e9quipe a donn\u00e9 carte blanche \u00e0\u00a0@deyart___\u00a0pour illustrer le th\u00e8me de cette ann\u00e9e : Entre R\u00eaves et R\u00e9alit\u00e9s. Vous d\u00e9couvrirez pendant les prochaines semaines plus de d\u00e9tails sur la programmation du salon et ses animations ! Rendez-vous le 18\u2026 <a class=\"wp-block-latest-posts__read-more\" href=\"https:\/\/dragonscurieux.com\/index.php\/2025\/06\/22\/affiche-dracopolis-2025\/\" rel=\"noopener noreferrer\">Lire la suite<span class=\"screen-reader-text\">\u00a0: Affiche DRACOPOLIS 2025<\/span><\/a><\/div><\/li>\n<\/ul>","protected":false},"excerpt":{"rendered":"<p>Retrouvez ici toutes les actualit\u00e9s de Dracopolis, la Cit\u00e9 du Livre et de l\u2019Imaginaire !<\/p>\n","protected":false},"author":1,"featured_media":0,"parent":0,"menu_order":0,"comment_status":"closed","ping_status":"closed","template":"","meta":{"om_disable_all_campaigns":false,"_mi_skip_tracking":false,"_monsterinsights_sitenote_active":false,"_monsterinsights_sitenote_note":"","_monsterinsights_sitenote_category":0,"cybocfi_hide_featured_image":"","footnotes":""},"class_list":["post-273","page","type-page","status-publish","hentry","entry"],"yoast_head":"<!-- This site is optimized with the Yoast SEO plugin v20.13 - https:\/\/yoast.com\/wordpress\/plugins\/seo\/ -->\n<title>Actualit\u00e9s Dracopolis - Dragons curieux<\/title>\n<meta name=\"robots\" content=\"index, follow, max-snippet:-1, max-image-preview:large, max-video-preview:-1\" \/>\n<link rel=\"canonical\" href=\"https:\/\/dragonscurieux.com\/index.php\/actualites-2\/\" \/>\n<meta property=\"og:locale\" content=\"fr_FR\" \/>\n<meta property=\"og:type\" content=\"article\" \/>\n<meta property=\"og:title\" content=\"Actualit\u00e9s Dracopolis - Dragons curieux\" \/>\n<meta property=\"og:description\" content=\"Retrouvez ici toutes les actualit\u00e9s de Dracopolis, la Cit\u00e9 du Livre et de l\u2019Imaginaire !\" \/>\n<meta property=\"og:url\" content=\"https:\/\/dragonscurieux.com\/index.php\/actualites-2\/\" \/>\n<meta property=\"og:site_name\" content=\"Dragons curieux\" \/>\n<meta property=\"article:modified_time\" content=\"2025-04-20T15:01:18+00:00\" \/>\n<meta name=\"twitter:card\" content=\"summary_large_image\" \/>\n<meta name=\"twitter:label1\" content=\"Dur\u00e9e de lecture estim\u00e9e\" \/>\n\t<meta name=\"twitter:data1\" content=\"1 minute\" \/>\n<script type=\"application\/ld+json\" class=\"yoast-schema-graph\">{\"@context\":\"https:\/\/schema.org\",\"@graph\":[{\"@type\":\"WebPage\",\"@id\":\"https:\/\/dragonscurieux.com\/index.php\/actualites-2\/\",\"url\":\"https:\/\/dragonscurieux.com\/index.php\/actualites-2\/\",\"name\":\"Actualit\u00e9s Dracopolis - Dragons curieux\",\"isPartOf\":{\"@id\":\"https:\/\/dragonscurieux.com\/#website\"},\"datePublished\":\"2025-04-20T14:38:45+00:00\",\"dateModified\":\"2025-04-20T15:01:18+00:00\",\"breadcrumb\":{\"@id\":\"https:\/\/dragonscurieux.com\/index.php\/actualites-2\/#breadcrumb\"},\"inLanguage\":\"fr-FR\",\"potentialAction\":[{\"@type\":\"ReadAction\",\"target\":[\"https:\/\/dragonscurieux.com\/index.php\/actualites-2\/\"]}]},{\"@type\":\"BreadcrumbList\",\"@id\":\"https:\/\/dragonscurieux.com\/index.php\/actualites-2\/#breadcrumb\",\"itemListElement\":[{\"@type\":\"ListItem\",\"position\":1,\"name\":\"Accueil\",\"item\":\"https:\/\/dragonscurieux.com\/\"},{\"@type\":\"ListItem\",\"position\":2,\"name\":\"Actualit\u00e9s Dracopolis\"}]},{\"@type\":\"WebSite\",\"@id\":\"https:\/\/dragonscurieux.com\/#website\",\"url\":\"https:\/\/dragonscurieux.com\/\",\"name\":\"Dragons curieux\",\"description\":\"\",\"publisher\":{\"@id\":\"https:\/\/dragonscurieux.com\/#organization\"},\"potentialAction\":[{\"@type\":\"SearchAction\",\"target\":{\"@type\":\"EntryPoint\",\"urlTemplate\":\"https:\/\/dragonscurieux.com\/?s={search_term_string}\"},\"query-input\":\"required name=search_term_string\"}],\"inLanguage\":\"fr-FR\"},{\"@type\":\"Organization\",\"@id\":\"https:\/\/dragonscurieux.com\/#organization\",\"name\":\"Dragons curieux\",\"url\":\"https:\/\/dragonscurieux.com\/\",\"logo\":{\"@type\":\"ImageObject\",\"inLanguage\":\"fr-FR\",\"@id\":\"https:\/\/dragonscurieux.com\/#\/schema\/logo\/image\/\",\"url\":\"https:\/\/dragonscurieux.com\/wp-content\/uploads\/2022\/09\/cropped-illustartion-blog.png\",\"contentUrl\":\"https:\/\/dragonscurieux.com\/wp-content\/uploads\/2022\/09\/cropped-illustartion-blog.png\",\"width\":1200,\"height\":474,\"caption\":\"Dragons curieux\"},\"image\":{\"@id\":\"https:\/\/dragonscurieux.com\/#\/schema\/logo\/image\/\"}}]}<\/script>\n<!-- \/ Yoast SEO plugin. -->","yoast_head_json":{"title":"Actualit\u00e9s Dracopolis - Dragons curieux","robots":{"index":"index","follow":"follow","max-snippet":"max-snippet:-1","max-image-preview":"max-image-preview:large","max-video-preview":"max-video-preview:-1"},"canonical":"https:\/\/dragonscurieux.com\/index.php\/actualites-2\/","og_locale":"fr_FR","og_type":"article","og_title":"Actualit\u00e9s Dracopolis - Dragons curieux","og_description":"Retrouvez ici toutes les actualit\u00e9s de Dracopolis, la Cit\u00e9 du Livre et de l\u2019Imaginaire !","og_url":"https:\/\/dragonscurieux.com\/index.php\/actualites-2\/","og_site_name":"Dragons curieux","article_modified_time":"2025-04-20T15:01:18+00:00","twitter_card":"summary_large_image","twitter_misc":{"Dur\u00e9e de lecture estim\u00e9e":"1 minute"},"schema":{"@context":"https:\/\/schema.org","@graph":[{"@type":"WebPage","@id":"https:\/\/dragonscurieux.com\/index.php\/actualites-2\/","url":"https:\/\/dragonscurieux.com\/index.php\/actualites-2\/","name":"Actualit\u00e9s Dracopolis - Dragons curieux","isPartOf":{"@id":"https:\/\/dragonscurieux.com\/#website"},"datePublished":"2025-04-20T14:38:45+00:00","dateModified":"2025-04-20T15:01:18+00:00","breadcrumb":{"@id":"https:\/\/dragonscurieux.com\/index.php\/actualites-2\/#breadcrumb"},"inLanguage":"fr-FR","potentialAction":[{"@type":"ReadAction","target":["https:\/\/dragonscurieux.com\/index.php\/actualites-2\/"]}]},{"@type":"BreadcrumbList","@id":"https:\/\/dragonscurieux.com\/index.php\/actualites-2\/#breadcrumb","itemListElement":[{"@type":"ListItem","position":1,"name":"Accueil","item":"https:\/\/dragonscurieux.com\/"},{"@type":"ListItem","position":2,"name":"Actualit\u00e9s Dracopolis"}]},{"@type":"WebSite","@id":"https:\/\/dragonscurieux.com\/#website","url":"https:\/\/dragonscurieux.com\/","name":"Dragons curieux","description":"","publisher":{"@id":"https:\/\/dragonscurieux.com\/#organization"},"potentialAction":[{"@type":"SearchAction","target":{"@type":"EntryPoint","urlTemplate":"https:\/\/dragonscurieux.com\/?s={search_term_string}"},"query-input":"required name=search_term_string"}],"inLanguage":"fr-FR"},{"@type":"Organization","@id":"https:\/\/dragonscurieux.com\/#organization","name":"Dragons curieux","url":"https:\/\/dragonscurieux.com\/","logo":{"@type":"ImageObject","inLanguage":"fr-FR","@id":"https:\/\/dragonscurieux.com\/#\/schema\/logo\/image\/","url":"https:\/\/dragonscurieux.com\/wp-content\/uploads\/2022\/09\/cropped-illustartion-blog.png","contentUrl":"https:\/\/dragonscurieux.com\/wp-content\/uploads\/2022\/09\/cropped-illustartion-blog.png","width":1200,"height":474,"caption":"Dragons curieux"},"image":{"@id":"https:\/\/dragonscurieux.com\/#\/schema\/logo\/image\/"}}]}},"_links":{"self":[{"href":"https:\/\/dragonscurieux.com\/index.php\/wp-json\/wp\/v2\/pages\/273","targetHints":{"allow":["GET"]}}],"collection":[{"href":"https:\/\/dragonscurieux.com\/index.php\/wp-json\/wp\/v2\/pages"}],"about":[{"href":"https:\/\/dragonscurieux.com\/index.php\/wp-json\/wp\/v2\/types\/page"}],"author":[{"embeddable":true,"href":"https:\/\/dragonscurieux.com\/index.php\/wp-json\/wp\/v2\/users\/1"}],"replies":[{"embeddable":true,"href":"https:\/\/dragonscurieux.com\/index.php\/wp-json\/wp\/v2\/comments?post=273"}],"version-history":[{"count":3,"href":"https:\/\/dragonscurieux.com\/index.php\/wp-json\/wp\/v2\/pages\/273\/revisions"}],"predecessor-version":[{"id":281,"href":"https:\/\/dragonscurieux.com\/index.php\/wp-json\/wp\/v2\/pages\/273\/revisions\/281"}],"wp:attachment":[{"href":"https:\/\/dragonscurieux.com\/index.php\/wp-json\/wp\/v2\/media?parent=273"}],"curies":[{"name":"wp","href":"https:\/\/api.w.org\/{rel}","templated":true}]}}