{"id":303,"date":"2025-05-11T15:33:24","date_gmt":"2025-05-11T15:33:24","guid":{"rendered":"https:\/\/dragonscurieux.com\/?page_id=303"},"modified":"2026-04-17T17:01:45","modified_gmt":"2026-04-17T17:01:45","slug":"nos-fabuleux-partenaires","status":"publish","type":"page","link":"https:\/\/dragonscurieux.com\/index.php\/nos-fabuleux-partenaires\/","title":{"rendered":"Nos Fabuleux Partenaires !"},"content":{"rendered":"\n<p><\/p>\n\n\n\n<p>(Cette page sera mise \u00e0 jour prochainement. Merci de votre compr\u00e9hension)<\/p>\n\n\n\n<div class=\"wp-block-columns is-layout-flex wp-container-core-columns-is-layout-9d6595d7 wp-block-columns-is-layout-flex\">\n<div class=\"wp-block-column is-vertically-aligned-center is-layout-flow wp-block-column-is-layout-flow\" style=\"flex-basis:44.44%\">\n<figure class=\"wp-block-gallery has-nested-images columns-1 is-cropped wp-block-gallery-1 is-layout-flex wp-block-gallery-is-layout-flex\">\n<figure class=\"wp-block-image size-large is-style-default\"><img loading=\"lazy\" decoding=\"async\" width=\"1024\" height=\"1024\" data-id=\"634\" src=\"https:\/\/dragonscurieux.com\/wp-content\/uploads\/2026\/04\/VALENCEROMANS_AGGLO_COUL_RVB-1-1024x1024.png\" alt=\"\" class=\"wp-image-634\" srcset=\"https:\/\/dragonscurieux.com\/wp-content\/uploads\/2026\/04\/VALENCEROMANS_AGGLO_COUL_RVB-1-1024x1024.png 1024w, https:\/\/dragonscurieux.com\/wp-content\/uploads\/2026\/04\/VALENCEROMANS_AGGLO_COUL_RVB-1-300x300.png 300w, https:\/\/dragonscurieux.com\/wp-content\/uploads\/2026\/04\/VALENCEROMANS_AGGLO_COUL_RVB-1-150x150.png 150w, https:\/\/dragonscurieux.com\/wp-content\/uploads\/2026\/04\/VALENCEROMANS_AGGLO_COUL_RVB-1-768x768.png 768w, https:\/\/dragonscurieux.com\/wp-content\/uploads\/2026\/04\/VALENCEROMANS_AGGLO_COUL_RVB-1-1536x1536.png 1536w, https:\/\/dragonscurieux.com\/wp-content\/uploads\/2026\/04\/VALENCEROMANS_AGGLO_COUL_RVB-1-2048x2048.png 2048w, https:\/\/dragonscurieux.com\/wp-content\/uploads\/2026\/04\/VALENCEROMANS_AGGLO_COUL_RVB-1-600x600.png 600w\" sizes=\"auto, (max-width: 1024px) 100vw, 1024px\" \/><\/figure>\n\n\n\n<figure class=\"wp-block-image size-large\"><img loading=\"lazy\" decoding=\"async\" width=\"1024\" height=\"1024\" data-id=\"635\" src=\"https:\/\/dragonscurieux.com\/wp-content\/uploads\/2026\/04\/Fichier-1smlv-1024x1024.png\" alt=\"\" class=\"wp-image-635\" srcset=\"https:\/\/dragonscurieux.com\/wp-content\/uploads\/2026\/04\/Fichier-1smlv-1024x1024.png 1024w, https:\/\/dragonscurieux.com\/wp-content\/uploads\/2026\/04\/Fichier-1smlv-300x300.png 300w, https:\/\/dragonscurieux.com\/wp-content\/uploads\/2026\/04\/Fichier-1smlv-150x150.png 150w, https:\/\/dragonscurieux.com\/wp-content\/uploads\/2026\/04\/Fichier-1smlv-768x768.png 768w, https:\/\/dragonscurieux.com\/wp-content\/uploads\/2026\/04\/Fichier-1smlv-600x600.png 600w, https:\/\/dragonscurieux.com\/wp-content\/uploads\/2026\/04\/Fichier-1smlv.png 1417w\" sizes=\"auto, (max-width: 1024px) 100vw, 1024px\" \/><\/figure>\n\n\n\n<figure class=\"wp-block-image size-large\"><img loading=\"lazy\" decoding=\"async\" width=\"1024\" height=\"426\" data-id=\"633\" src=\"https:\/\/dragonscurieux.com\/wp-content\/uploads\/2026\/04\/logoDromeBLEU-RVB-1024x426.png\" alt=\"\" class=\"wp-image-633\" srcset=\"https:\/\/dragonscurieux.com\/wp-content\/uploads\/2026\/04\/logoDromeBLEU-RVB-1024x426.png 1024w, https:\/\/dragonscurieux.com\/wp-content\/uploads\/2026\/04\/logoDromeBLEU-RVB-300x125.png 300w, https:\/\/dragonscurieux.com\/wp-content\/uploads\/2026\/04\/logoDromeBLEU-RVB-768x320.png 768w, https:\/\/dragonscurieux.com\/wp-content\/uploads\/2026\/04\/logoDromeBLEU-RVB-1536x639.png 1536w, https:\/\/dragonscurieux.com\/wp-content\/uploads\/2026\/04\/logoDromeBLEU-RVB.png 1548w\" sizes=\"auto, (max-width: 1024px) 100vw, 1024px\" \/><\/figure>\n<\/figure>\n<\/div>\n<\/div>\n\n\n\n<p><\/p>\n","protected":false},"excerpt":{"rendered":"<p>(Cette page sera mise \u00e0 jour prochainement. Merci de votre compr\u00e9hension)<\/p>\n","protected":false},"author":1,"featured_media":0,"parent":0,"menu_order":0,"comment_status":"closed","ping_status":"closed","template":"","meta":{"om_disable_all_campaigns":false,"_mi_skip_tracking":false,"_monsterinsights_sitenote_active":false,"_monsterinsights_sitenote_note":"","_monsterinsights_sitenote_category":0,"cybocfi_hide_featured_image":"","footnotes":""},"class_list":["post-303","page","type-page","status-publish","hentry","entry"],"yoast_head":"<!-- This site is optimized with the Yoast SEO plugin v20.13 - https:\/\/yoast.com\/wordpress\/plugins\/seo\/ -->\n<title>Nos Fabuleux Partenaires ! - Dragons curieux<\/title>\n<meta name=\"description\" content=\"D\u00e9couvrez les partenaires de Dracopolis, la cit\u00e9 du livre et de l\u2019imaginaire. Institutions, entreprises et associations engag\u00e9es nous accompagnent pour faire vivre un \u00e9v\u00e9nement culturel unique \u00e0 Valence. Merci \u00e0 celles et ceux qui rendent cette aventure possible !\" \/>\n<meta name=\"robots\" content=\"index, follow, max-snippet:-1, max-image-preview:large, max-video-preview:-1\" \/>\n<link rel=\"canonical\" href=\"https:\/\/dragonscurieux.com\/index.php\/nos-fabuleux-partenaires\/\" \/>\n<meta property=\"og:locale\" content=\"fr_FR\" \/>\n<meta property=\"og:type\" content=\"article\" \/>\n<meta property=\"og:title\" content=\"Nos Fabuleux Partenaires ! - Dragons curieux\" \/>\n<meta property=\"og:description\" content=\"D\u00e9couvrez les partenaires de Dracopolis, la cit\u00e9 du livre et de l\u2019imaginaire. Institutions, entreprises et associations engag\u00e9es nous accompagnent pour faire vivre un \u00e9v\u00e9nement culturel unique \u00e0 Valence. Merci \u00e0 celles et ceux qui rendent cette aventure possible !\" \/>\n<meta property=\"og:url\" content=\"https:\/\/dragonscurieux.com\/index.php\/nos-fabuleux-partenaires\/\" \/>\n<meta property=\"og:site_name\" content=\"Dragons curieux\" \/>\n<meta property=\"article:modified_time\" content=\"2026-04-17T17:01:45+00:00\" \/>\n<meta property=\"og:image\" content=\"https:\/\/dragonscurieux.com\/wp-content\/uploads\/2026\/04\/VALENCEROMANS_AGGLO_COUL_RVB-1-1024x1024.png\" \/>\n<meta name=\"twitter:card\" content=\"summary_large_image\" \/>\n<meta name=\"twitter:label1\" content=\"Dur\u00e9e de lecture estim\u00e9e\" \/>\n\t<meta name=\"twitter:data1\" content=\"1 minute\" \/>\n<script type=\"application\/ld+json\" class=\"yoast-schema-graph\">{\"@context\":\"https:\/\/schema.org\",\"@graph\":[{\"@type\":\"WebPage\",\"@id\":\"https:\/\/dragonscurieux.com\/index.php\/nos-fabuleux-partenaires\/\",\"url\":\"https:\/\/dragonscurieux.com\/index.php\/nos-fabuleux-partenaires\/\",\"name\":\"Nos Fabuleux Partenaires ! - Dragons curieux\",\"isPartOf\":{\"@id\":\"https:\/\/dragonscurieux.com\/#website\"},\"datePublished\":\"2025-05-11T15:33:24+00:00\",\"dateModified\":\"2026-04-17T17:01:45+00:00\",\"description\":\"D\u00e9couvrez les partenaires de Dracopolis, la cit\u00e9 du livre et de l\u2019imaginaire. Institutions, entreprises et associations engag\u00e9es nous accompagnent pour faire vivre un \u00e9v\u00e9nement culturel unique \u00e0 Valence. Merci \u00e0 celles et ceux qui rendent cette aventure possible !\",\"breadcrumb\":{\"@id\":\"https:\/\/dragonscurieux.com\/index.php\/nos-fabuleux-partenaires\/#breadcrumb\"},\"inLanguage\":\"fr-FR\",\"potentialAction\":[{\"@type\":\"ReadAction\",\"target\":[\"https:\/\/dragonscurieux.com\/index.php\/nos-fabuleux-partenaires\/\"]}]},{\"@type\":\"BreadcrumbList\",\"@id\":\"https:\/\/dragonscurieux.com\/index.php\/nos-fabuleux-partenaires\/#breadcrumb\",\"itemListElement\":[{\"@type\":\"ListItem\",\"position\":1,\"name\":\"Accueil\",\"item\":\"https:\/\/dragonscurieux.com\/\"},{\"@type\":\"ListItem\",\"position\":2,\"name\":\"Nos Fabuleux Partenaires !\"}]},{\"@type\":\"WebSite\",\"@id\":\"https:\/\/dragonscurieux.com\/#website\",\"url\":\"https:\/\/dragonscurieux.com\/\",\"name\":\"Dragons curieux\",\"description\":\"\",\"publisher\":{\"@id\":\"https:\/\/dragonscurieux.com\/#organization\"},\"potentialAction\":[{\"@type\":\"SearchAction\",\"target\":{\"@type\":\"EntryPoint\",\"urlTemplate\":\"https:\/\/dragonscurieux.com\/?s={search_term_string}\"},\"query-input\":\"required name=search_term_string\"}],\"inLanguage\":\"fr-FR\"},{\"@type\":\"Organization\",\"@id\":\"https:\/\/dragonscurieux.com\/#organization\",\"name\":\"Dragons curieux\",\"url\":\"https:\/\/dragonscurieux.com\/\",\"logo\":{\"@type\":\"ImageObject\",\"inLanguage\":\"fr-FR\",\"@id\":\"https:\/\/dragonscurieux.com\/#\/schema\/logo\/image\/\",\"url\":\"https:\/\/dragonscurieux.com\/wp-content\/uploads\/2022\/09\/cropped-illustartion-blog.png\",\"contentUrl\":\"https:\/\/dragonscurieux.com\/wp-content\/uploads\/2022\/09\/cropped-illustartion-blog.png\",\"width\":1200,\"height\":474,\"caption\":\"Dragons curieux\"},\"image\":{\"@id\":\"https:\/\/dragonscurieux.com\/#\/schema\/logo\/image\/\"}}]}<\/script>\n<!-- \/ Yoast SEO plugin. -->","yoast_head_json":{"title":"Nos Fabuleux Partenaires ! - Dragons curieux","description":"D\u00e9couvrez les partenaires de Dracopolis, la cit\u00e9 du livre et de l\u2019imaginaire. Institutions, entreprises et associations engag\u00e9es nous accompagnent pour faire vivre un \u00e9v\u00e9nement culturel unique \u00e0 Valence. Merci \u00e0 celles et ceux qui rendent cette aventure possible !","robots":{"index":"index","follow":"follow","max-snippet":"max-snippet:-1","max-image-preview":"max-image-preview:large","max-video-preview":"max-video-preview:-1"},"canonical":"https:\/\/dragonscurieux.com\/index.php\/nos-fabuleux-partenaires\/","og_locale":"fr_FR","og_type":"article","og_title":"Nos Fabuleux Partenaires ! - Dragons curieux","og_description":"D\u00e9couvrez les partenaires de Dracopolis, la cit\u00e9 du livre et de l\u2019imaginaire. Institutions, entreprises et associations engag\u00e9es nous accompagnent pour faire vivre un \u00e9v\u00e9nement culturel unique \u00e0 Valence. Merci \u00e0 celles et ceux qui rendent cette aventure possible !","og_url":"https:\/\/dragonscurieux.com\/index.php\/nos-fabuleux-partenaires\/","og_site_name":"Dragons curieux","article_modified_time":"2026-04-17T17:01:45+00:00","og_image":[{"url":"https:\/\/dragonscurieux.com\/wp-content\/uploads\/2026\/04\/VALENCEROMANS_AGGLO_COUL_RVB-1-1024x1024.png"}],"twitter_card":"summary_large_image","twitter_misc":{"Dur\u00e9e de lecture estim\u00e9e":"1 minute"},"schema":{"@context":"https:\/\/schema.org","@graph":[{"@type":"WebPage","@id":"https:\/\/dragonscurieux.com\/index.php\/nos-fabuleux-partenaires\/","url":"https:\/\/dragonscurieux.com\/index.php\/nos-fabuleux-partenaires\/","name":"Nos Fabuleux Partenaires ! - Dragons curieux","isPartOf":{"@id":"https:\/\/dragonscurieux.com\/#website"},"datePublished":"2025-05-11T15:33:24+00:00","dateModified":"2026-04-17T17:01:45+00:00","description":"D\u00e9couvrez les partenaires de Dracopolis, la cit\u00e9 du livre et de l\u2019imaginaire. Institutions, entreprises et associations engag\u00e9es nous accompagnent pour faire vivre un \u00e9v\u00e9nement culturel unique \u00e0 Valence. Merci \u00e0 celles et ceux qui rendent cette aventure possible !","breadcrumb":{"@id":"https:\/\/dragonscurieux.com\/index.php\/nos-fabuleux-partenaires\/#breadcrumb"},"inLanguage":"fr-FR","potentialAction":[{"@type":"ReadAction","target":["https:\/\/dragonscurieux.com\/index.php\/nos-fabuleux-partenaires\/"]}]},{"@type":"BreadcrumbList","@id":"https:\/\/dragonscurieux.com\/index.php\/nos-fabuleux-partenaires\/#breadcrumb","itemListElement":[{"@type":"ListItem","position":1,"name":"Accueil","item":"https:\/\/dragonscurieux.com\/"},{"@type":"ListItem","position":2,"name":"Nos Fabuleux Partenaires !"}]},{"@type":"WebSite","@id":"https:\/\/dragonscurieux.com\/#website","url":"https:\/\/dragonscurieux.com\/","name":"Dragons curieux","description":"","publisher":{"@id":"https:\/\/dragonscurieux.com\/#organization"},"potentialAction":[{"@type":"SearchAction","target":{"@type":"EntryPoint","urlTemplate":"https:\/\/dragonscurieux.com\/?s={search_term_string}"},"query-input":"required name=search_term_string"}],"inLanguage":"fr-FR"},{"@type":"Organization","@id":"https:\/\/dragonscurieux.com\/#organization","name":"Dragons curieux","url":"https:\/\/dragonscurieux.com\/","logo":{"@type":"ImageObject","inLanguage":"fr-FR","@id":"https:\/\/dragonscurieux.com\/#\/schema\/logo\/image\/","url":"https:\/\/dragonscurieux.com\/wp-content\/uploads\/2022\/09\/cropped-illustartion-blog.png","contentUrl":"https:\/\/dragonscurieux.com\/wp-content\/uploads\/2022\/09\/cropped-illustartion-blog.png","width":1200,"height":474,"caption":"Dragons curieux"},"image":{"@id":"https:\/\/dragonscurieux.com\/#\/schema\/logo\/image\/"}}]}},"_links":{"self":[{"href":"https:\/\/dragonscurieux.com\/index.php\/wp-json\/wp\/v2\/pages\/303","targetHints":{"allow":["GET"]}}],"collection":[{"href":"https:\/\/dragonscurieux.com\/index.php\/wp-json\/wp\/v2\/pages"}],"about":[{"href":"https:\/\/dragonscurieux.com\/index.php\/wp-json\/wp\/v2\/types\/page"}],"author":[{"embeddable":true,"href":"https:\/\/dragonscurieux.com\/index.php\/wp-json\/wp\/v2\/users\/1"}],"replies":[{"embeddable":true,"href":"https:\/\/dragonscurieux.com\/index.php\/wp-json\/wp\/v2\/comments?post=303"}],"version-history":[{"count":15,"href":"https:\/\/dragonscurieux.com\/index.php\/wp-json\/wp\/v2\/pages\/303\/revisions"}],"predecessor-version":[{"id":645,"href":"https:\/\/dragonscurieux.com\/index.php\/wp-json\/wp\/v2\/pages\/303\/revisions\/645"}],"wp:attachment":[{"href":"https:\/\/dragonscurieux.com\/index.php\/wp-json\/wp\/v2\/media?parent=303"}],"curies":[{"name":"wp","href":"https:\/\/api.w.org\/{rel}","templated":true}]}}