{"id":345,"date":"2025-05-31T16:02:08","date_gmt":"2025-05-31T16:02:08","guid":{"rendered":"https:\/\/dragonscurieux.com\/?page_id=345"},"modified":"2025-05-31T16:06:43","modified_gmt":"2025-05-31T16:06:43","slug":"notre-marraine-nathalie-bagadey","status":"publish","type":"page","link":"https:\/\/dragonscurieux.com\/index.php\/notre-marraine-nathalie-bagadey\/","title":{"rendered":"Notre marraine &#8211; Nathalie BAGADEY"},"content":{"rendered":"\n<p>Que serait un salon de l&rsquo;imaginaire sans marraine la bonne f\u00e9e ? Nous avons la chance d&rsquo;avoir trouv\u00e9 la n\u00f4tre : Nathalie Bagadey. Nous lui sommes reconnaissants de nous soutenir, nous conseiller et nous accompagner pour la cr\u00e9ation de ce salon.<\/p>\n\n\n\n<p>\ud83d\udc40 Pour ceux qui n&rsquo;ont pas encore le plaisir de la conna\u00eetre, voici quelques informations :<\/p>\n\n\n\n<p>\u2728 Nathalie Bagadey vit dans deux univers parall\u00e8les : le n\u00f4tre, o\u00f9 elle a enseign\u00e9 l\u2019anglais pendant vingt ans, \u00e9lev\u00e9 3 enfants et parcouru le monde\u2026 et celui de son imaginaire o\u00f9 elle partage de belles aventures en compagnie de cr\u00e9atures mythologiques et d\u2019\u00eatres de papier \u00e0 la personnalit\u00e9 bien tremp\u00e9e.<br><br>Depuis sa premi\u00e8re publication en 2012, elle a r\u00e9uni une communaut\u00e9 de lecteurs fid\u00e8les qui appr\u00e9cient le style fluide de ses histoires et son inventivit\u00e9. L\u2019\u0153uvre dont elle est la plus fi\u00e8re est sa s\u00e9rie d\u2019heroic fantasy, Une Autre Vie \u00e0 Citara, qu\u2019elle aura le plaisir de d\u00e9dicacer au public de Dracopolis, tout comme sa nouveaut\u00e9, un voyage au c\u0153ur de l\u2019\u00c9gypte afin de r\u00e9habiliter un pharaon oubli\u00e9 de tous. \u2728<br><br>Avant de partir \u00e0 sa rencontre sur son stand, lisez les premiers chapitres de ses livres ici \ud83d\udc49\ud83c\udffb https:\/\/cutt.ly\/bagadeypremierespages<br><br><strong>Rendez-vous le 18 octobre 2025 \u00e0 la MPT Petit Charran &#8211; Valence (26)<\/strong><\/p>\n\n\n\n<figure class=\"wp-block-gallery has-nested-images columns-default is-cropped wp-block-gallery-1 is-layout-flex wp-block-gallery-is-layout-flex\">\n<figure class=\"wp-block-image size-large\"><img loading=\"lazy\" decoding=\"async\" width=\"819\" height=\"1024\" data-id=\"347\" src=\"https:\/\/dragonscurieux.com\/wp-content\/uploads\/2025\/05\/4_20250531_175808_0001-819x1024.jpg\" alt=\"\" class=\"wp-image-347\" srcset=\"https:\/\/dragonscurieux.com\/wp-content\/uploads\/2025\/05\/4_20250531_175808_0001-819x1024.jpg 819w, https:\/\/dragonscurieux.com\/wp-content\/uploads\/2025\/05\/4_20250531_175808_0001-240x300.jpg 240w, https:\/\/dragonscurieux.com\/wp-content\/uploads\/2025\/05\/4_20250531_175808_0001-768x960.jpg 768w, https:\/\/dragonscurieux.com\/wp-content\/uploads\/2025\/05\/4_20250531_175808_0001.jpg 1080w\" sizes=\"auto, (max-width: 819px) 100vw, 819px\" \/><\/figure>\n\n\n\n<figure class=\"wp-block-image size-large\"><img loading=\"lazy\" decoding=\"async\" width=\"819\" height=\"1024\" data-id=\"346\" src=\"https:\/\/dragonscurieux.com\/wp-content\/uploads\/2025\/05\/5_20250531_175808_0002-819x1024.jpg\" alt=\"\" class=\"wp-image-346\" srcset=\"https:\/\/dragonscurieux.com\/wp-content\/uploads\/2025\/05\/5_20250531_175808_0002-819x1024.jpg 819w, https:\/\/dragonscurieux.com\/wp-content\/uploads\/2025\/05\/5_20250531_175808_0002-240x300.jpg 240w, https:\/\/dragonscurieux.com\/wp-content\/uploads\/2025\/05\/5_20250531_175808_0002-768x960.jpg 768w, https:\/\/dragonscurieux.com\/wp-content\/uploads\/2025\/05\/5_20250531_175808_0002.jpg 1080w\" sizes=\"auto, (max-width: 819px) 100vw, 819px\" \/><\/figure>\n<\/figure>\n","protected":false},"excerpt":{"rendered":"<p>Que serait un salon de l&rsquo;imaginaire sans marraine la bonne f\u00e9e ? Nous avons la chance d&rsquo;avoir trouv\u00e9 la n\u00f4tre : Nathalie Bagadey. Nous lui sommes reconnaissants de nous soutenir, nous conseiller et nous accompagner pour la cr\u00e9ation de ce salon. \ud83d\udc40 Pour ceux qui n&rsquo;ont pas encore le plaisir de la conna\u00eetre, voici quelques [&hellip;]<\/p>\n","protected":false},"author":1,"featured_media":347,"parent":0,"menu_order":0,"comment_status":"closed","ping_status":"closed","template":"","meta":{"om_disable_all_campaigns":false,"_mi_skip_tracking":false,"_monsterinsights_sitenote_active":false,"_monsterinsights_sitenote_note":"","_monsterinsights_sitenote_category":0,"cybocfi_hide_featured_image":"","footnotes":""},"class_list":["post-345","page","type-page","status-publish","has-post-thumbnail","hentry","entry","has-media"],"yoast_head":"<!-- This site is optimized with the Yoast SEO plugin v20.13 - https:\/\/yoast.com\/wordpress\/plugins\/seo\/ -->\n<title>Notre marraine - Nathalie BAGADEY - Dragons curieux<\/title>\n<meta name=\"robots\" content=\"index, follow, max-snippet:-1, max-image-preview:large, max-video-preview:-1\" \/>\n<link rel=\"canonical\" href=\"https:\/\/dragonscurieux.com\/index.php\/notre-marraine-nathalie-bagadey\/\" \/>\n<meta property=\"og:locale\" content=\"fr_FR\" \/>\n<meta property=\"og:type\" content=\"article\" \/>\n<meta property=\"og:title\" content=\"Notre marraine - Nathalie BAGADEY - Dragons curieux\" \/>\n<meta property=\"og:description\" content=\"Que serait un salon de l&rsquo;imaginaire sans marraine la bonne f\u00e9e ? Nous avons la chance d&rsquo;avoir trouv\u00e9 la n\u00f4tre : Nathalie Bagadey. Nous lui sommes reconnaissants de nous soutenir, nous conseiller et nous accompagner pour la cr\u00e9ation de ce salon. \ud83d\udc40 Pour ceux qui n&rsquo;ont pas encore le plaisir de la conna\u00eetre, voici quelques [&hellip;]\" \/>\n<meta property=\"og:url\" content=\"https:\/\/dragonscurieux.com\/index.php\/notre-marraine-nathalie-bagadey\/\" \/>\n<meta property=\"og:site_name\" content=\"Dragons curieux\" \/>\n<meta property=\"article:modified_time\" content=\"2025-05-31T16:06:43+00:00\" \/>\n<meta property=\"og:image\" content=\"https:\/\/dragonscurieux.com\/wp-content\/uploads\/2025\/05\/4_20250531_175808_0001.jpg\" \/>\n\t<meta property=\"og:image:width\" content=\"1080\" \/>\n\t<meta property=\"og:image:height\" content=\"1350\" \/>\n\t<meta property=\"og:image:type\" content=\"image\/jpeg\" \/>\n<meta name=\"twitter:card\" content=\"summary_large_image\" \/>\n<meta name=\"twitter:label1\" content=\"Dur\u00e9e de lecture estim\u00e9e\" \/>\n\t<meta name=\"twitter:data1\" content=\"2 minutes\" \/>\n<script type=\"application\/ld+json\" class=\"yoast-schema-graph\">{\"@context\":\"https:\/\/schema.org\",\"@graph\":[{\"@type\":\"WebPage\",\"@id\":\"https:\/\/dragonscurieux.com\/index.php\/notre-marraine-nathalie-bagadey\/\",\"url\":\"https:\/\/dragonscurieux.com\/index.php\/notre-marraine-nathalie-bagadey\/\",\"name\":\"Notre marraine - Nathalie BAGADEY - Dragons curieux\",\"isPartOf\":{\"@id\":\"https:\/\/dragonscurieux.com\/#website\"},\"datePublished\":\"2025-05-31T16:02:08+00:00\",\"dateModified\":\"2025-05-31T16:06:43+00:00\",\"breadcrumb\":{\"@id\":\"https:\/\/dragonscurieux.com\/index.php\/notre-marraine-nathalie-bagadey\/#breadcrumb\"},\"inLanguage\":\"fr-FR\",\"potentialAction\":[{\"@type\":\"ReadAction\",\"target\":[\"https:\/\/dragonscurieux.com\/index.php\/notre-marraine-nathalie-bagadey\/\"]}]},{\"@type\":\"BreadcrumbList\",\"@id\":\"https:\/\/dragonscurieux.com\/index.php\/notre-marraine-nathalie-bagadey\/#breadcrumb\",\"itemListElement\":[{\"@type\":\"ListItem\",\"position\":1,\"name\":\"Accueil\",\"item\":\"https:\/\/dragonscurieux.com\/\"},{\"@type\":\"ListItem\",\"position\":2,\"name\":\"Notre marraine &#8211; Nathalie BAGADEY\"}]},{\"@type\":\"WebSite\",\"@id\":\"https:\/\/dragonscurieux.com\/#website\",\"url\":\"https:\/\/dragonscurieux.com\/\",\"name\":\"Dragons curieux\",\"description\":\"\",\"publisher\":{\"@id\":\"https:\/\/dragonscurieux.com\/#organization\"},\"potentialAction\":[{\"@type\":\"SearchAction\",\"target\":{\"@type\":\"EntryPoint\",\"urlTemplate\":\"https:\/\/dragonscurieux.com\/?s={search_term_string}\"},\"query-input\":\"required name=search_term_string\"}],\"inLanguage\":\"fr-FR\"},{\"@type\":\"Organization\",\"@id\":\"https:\/\/dragonscurieux.com\/#organization\",\"name\":\"Dragons curieux\",\"url\":\"https:\/\/dragonscurieux.com\/\",\"logo\":{\"@type\":\"ImageObject\",\"inLanguage\":\"fr-FR\",\"@id\":\"https:\/\/dragonscurieux.com\/#\/schema\/logo\/image\/\",\"url\":\"https:\/\/dragonscurieux.com\/wp-content\/uploads\/2022\/09\/cropped-illustartion-blog.png\",\"contentUrl\":\"https:\/\/dragonscurieux.com\/wp-content\/uploads\/2022\/09\/cropped-illustartion-blog.png\",\"width\":1200,\"height\":474,\"caption\":\"Dragons curieux\"},\"image\":{\"@id\":\"https:\/\/dragonscurieux.com\/#\/schema\/logo\/image\/\"}}]}<\/script>\n<!-- \/ Yoast SEO plugin. -->","yoast_head_json":{"title":"Notre marraine - Nathalie BAGADEY - Dragons curieux","robots":{"index":"index","follow":"follow","max-snippet":"max-snippet:-1","max-image-preview":"max-image-preview:large","max-video-preview":"max-video-preview:-1"},"canonical":"https:\/\/dragonscurieux.com\/index.php\/notre-marraine-nathalie-bagadey\/","og_locale":"fr_FR","og_type":"article","og_title":"Notre marraine - Nathalie BAGADEY - Dragons curieux","og_description":"Que serait un salon de l&rsquo;imaginaire sans marraine la bonne f\u00e9e ? Nous avons la chance d&rsquo;avoir trouv\u00e9 la n\u00f4tre : Nathalie Bagadey. Nous lui sommes reconnaissants de nous soutenir, nous conseiller et nous accompagner pour la cr\u00e9ation de ce salon. \ud83d\udc40 Pour ceux qui n&rsquo;ont pas encore le plaisir de la conna\u00eetre, voici quelques [&hellip;]","og_url":"https:\/\/dragonscurieux.com\/index.php\/notre-marraine-nathalie-bagadey\/","og_site_name":"Dragons curieux","article_modified_time":"2025-05-31T16:06:43+00:00","og_image":[{"width":1080,"height":1350,"url":"https:\/\/dragonscurieux.com\/wp-content\/uploads\/2025\/05\/4_20250531_175808_0001.jpg","type":"image\/jpeg"}],"twitter_card":"summary_large_image","twitter_misc":{"Dur\u00e9e de lecture estim\u00e9e":"2 minutes"},"schema":{"@context":"https:\/\/schema.org","@graph":[{"@type":"WebPage","@id":"https:\/\/dragonscurieux.com\/index.php\/notre-marraine-nathalie-bagadey\/","url":"https:\/\/dragonscurieux.com\/index.php\/notre-marraine-nathalie-bagadey\/","name":"Notre marraine - Nathalie BAGADEY - Dragons curieux","isPartOf":{"@id":"https:\/\/dragonscurieux.com\/#website"},"datePublished":"2025-05-31T16:02:08+00:00","dateModified":"2025-05-31T16:06:43+00:00","breadcrumb":{"@id":"https:\/\/dragonscurieux.com\/index.php\/notre-marraine-nathalie-bagadey\/#breadcrumb"},"inLanguage":"fr-FR","potentialAction":[{"@type":"ReadAction","target":["https:\/\/dragonscurieux.com\/index.php\/notre-marraine-nathalie-bagadey\/"]}]},{"@type":"BreadcrumbList","@id":"https:\/\/dragonscurieux.com\/index.php\/notre-marraine-nathalie-bagadey\/#breadcrumb","itemListElement":[{"@type":"ListItem","position":1,"name":"Accueil","item":"https:\/\/dragonscurieux.com\/"},{"@type":"ListItem","position":2,"name":"Notre marraine &#8211; Nathalie BAGADEY"}]},{"@type":"WebSite","@id":"https:\/\/dragonscurieux.com\/#website","url":"https:\/\/dragonscurieux.com\/","name":"Dragons curieux","description":"","publisher":{"@id":"https:\/\/dragonscurieux.com\/#organization"},"potentialAction":[{"@type":"SearchAction","target":{"@type":"EntryPoint","urlTemplate":"https:\/\/dragonscurieux.com\/?s={search_term_string}"},"query-input":"required name=search_term_string"}],"inLanguage":"fr-FR"},{"@type":"Organization","@id":"https:\/\/dragonscurieux.com\/#organization","name":"Dragons curieux","url":"https:\/\/dragonscurieux.com\/","logo":{"@type":"ImageObject","inLanguage":"fr-FR","@id":"https:\/\/dragonscurieux.com\/#\/schema\/logo\/image\/","url":"https:\/\/dragonscurieux.com\/wp-content\/uploads\/2022\/09\/cropped-illustartion-blog.png","contentUrl":"https:\/\/dragonscurieux.com\/wp-content\/uploads\/2022\/09\/cropped-illustartion-blog.png","width":1200,"height":474,"caption":"Dragons curieux"},"image":{"@id":"https:\/\/dragonscurieux.com\/#\/schema\/logo\/image\/"}}]}},"_links":{"self":[{"href":"https:\/\/dragonscurieux.com\/index.php\/wp-json\/wp\/v2\/pages\/345","targetHints":{"allow":["GET"]}}],"collection":[{"href":"https:\/\/dragonscurieux.com\/index.php\/wp-json\/wp\/v2\/pages"}],"about":[{"href":"https:\/\/dragonscurieux.com\/index.php\/wp-json\/wp\/v2\/types\/page"}],"author":[{"embeddable":true,"href":"https:\/\/dragonscurieux.com\/index.php\/wp-json\/wp\/v2\/users\/1"}],"replies":[{"embeddable":true,"href":"https:\/\/dragonscurieux.com\/index.php\/wp-json\/wp\/v2\/comments?post=345"}],"version-history":[{"count":1,"href":"https:\/\/dragonscurieux.com\/index.php\/wp-json\/wp\/v2\/pages\/345\/revisions"}],"predecessor-version":[{"id":348,"href":"https:\/\/dragonscurieux.com\/index.php\/wp-json\/wp\/v2\/pages\/345\/revisions\/348"}],"wp:featuredmedia":[{"embeddable":true,"href":"https:\/\/dragonscurieux.com\/index.php\/wp-json\/wp\/v2\/media\/347"}],"wp:attachment":[{"href":"https:\/\/dragonscurieux.com\/index.php\/wp-json\/wp\/v2\/media?parent=345"}],"curies":[{"name":"wp","href":"https:\/\/api.w.org\/{rel}","templated":true}]}}