{"id":432,"date":"2025-09-08T18:45:37","date_gmt":"2025-09-08T18:45:37","guid":{"rendered":"https:\/\/dragonscurieux.com\/?page_id=432"},"modified":"2025-09-08T18:56:51","modified_gmt":"2025-09-08T18:56:51","slug":"les-aperos-litteraires-2025-2026","status":"publish","type":"page","link":"https:\/\/dragonscurieux.com\/index.php\/les-aperos-litteraires-2025-2026\/","title":{"rendered":"Les ap\u00e9ros litt\u00e9raires 2025 &#8211; 2026"},"content":{"rendered":"\n<p>Salut \u00e0 tous les amoureux de l&rsquo;imaginaire !<\/p>\n\n\n\n<p>Envie de discuter de vos lectures, de d\u00e9couvrir de nouveaux univers et de rencontrer d&rsquo;autres passionn\u00e9s comme vous ?<\/p>\n\n\n\n<p>Rejoignez-nous pour nos <strong>ap\u00e9ritifs litt\u00e9raires<\/strong>, un moment de partage convivial o\u00f9 l&rsquo;on parle de fantastique, de science-fiction, de fantasy et bien plus encore ! C&rsquo;est l&rsquo;occasion parfaite de faire de belles rencontres et d&rsquo;\u00e9changer autour d&rsquo;un verre.<\/p>\n\n\n\n<p><strong>Quand ?<\/strong> Un vendredi par mois \u00e0 18h30.<\/p>\n\n\n\n<p><strong>O\u00f9 ?<\/strong> Le lieu de l&rsquo;\u00e9v\u00e9nement change parfois pour nous permettre de d\u00e9couvrir de nouveaux endroits. Pour conna\u00eetre l&rsquo;adresse du prochain ap\u00e9ritif, contactez-nous par message priv\u00e9 : dragonscurieux@gmail.com<\/p>\n\n\n\n<p><strong>C&rsquo;est ouvert \u00e0 tous, alors n&rsquo;h\u00e9sitez pas \u00e0 venir, que vous soyez un lecteur aguerri ou juste curieux !<\/strong><\/p>\n\n\n\n<figure class=\"wp-block-image size-large\"><img loading=\"lazy\" decoding=\"async\" width=\"576\" height=\"1024\" src=\"https:\/\/dragonscurieux.com\/wp-content\/uploads\/2025\/09\/IMG-20250908-WA0002-576x1024.jpg\" alt=\"\" class=\"wp-image-441\" srcset=\"https:\/\/dragonscurieux.com\/wp-content\/uploads\/2025\/09\/IMG-20250908-WA0002-576x1024.jpg 576w, https:\/\/dragonscurieux.com\/wp-content\/uploads\/2025\/09\/IMG-20250908-WA0002-169x300.jpg 169w, https:\/\/dragonscurieux.com\/wp-content\/uploads\/2025\/09\/IMG-20250908-WA0002-768x1366.jpg 768w, https:\/\/dragonscurieux.com\/wp-content\/uploads\/2025\/09\/IMG-20250908-WA0002-864x1536.jpg 864w, https:\/\/dragonscurieux.com\/wp-content\/uploads\/2025\/09\/IMG-20250908-WA0002.jpg 899w\" sizes=\"auto, (max-width: 576px) 100vw, 576px\" \/><\/figure>\n","protected":false},"excerpt":{"rendered":"<p>Salut \u00e0 tous les amoureux de l&rsquo;imaginaire ! Envie de discuter de vos lectures, de d\u00e9couvrir de nouveaux univers et de rencontrer d&rsquo;autres passionn\u00e9s comme vous ? Rejoignez-nous pour nos ap\u00e9ritifs litt\u00e9raires, un moment de partage convivial o\u00f9 l&rsquo;on parle de fantastique, de science-fiction, de fantasy et bien plus encore ! C&rsquo;est l&rsquo;occasion parfaite de [&hellip;]<\/p>\n","protected":false},"author":1,"featured_media":433,"parent":0,"menu_order":0,"comment_status":"closed","ping_status":"closed","template":"","meta":{"om_disable_all_campaigns":false,"_mi_skip_tracking":false,"_monsterinsights_sitenote_active":false,"_monsterinsights_sitenote_note":"","_monsterinsights_sitenote_category":0,"cybocfi_hide_featured_image":"","footnotes":""},"class_list":["post-432","page","type-page","status-publish","has-post-thumbnail","hentry","entry","has-media"],"yoast_head":"<!-- This site is optimized with the Yoast SEO plugin v20.13 - https:\/\/yoast.com\/wordpress\/plugins\/seo\/ -->\n<title>Les ap\u00e9ros litt\u00e9raires 2025 - 2026 - Dragons curieux<\/title>\n<meta name=\"robots\" content=\"index, follow, max-snippet:-1, max-image-preview:large, max-video-preview:-1\" \/>\n<link rel=\"canonical\" href=\"https:\/\/dragonscurieux.com\/index.php\/les-aperos-litteraires-2025-2026\/\" \/>\n<meta property=\"og:locale\" content=\"fr_FR\" \/>\n<meta property=\"og:type\" content=\"article\" \/>\n<meta property=\"og:title\" content=\"Les ap\u00e9ros litt\u00e9raires 2025 - 2026 - Dragons curieux\" \/>\n<meta property=\"og:description\" content=\"Salut \u00e0 tous les amoureux de l&rsquo;imaginaire ! Envie de discuter de vos lectures, de d\u00e9couvrir de nouveaux univers et de rencontrer d&rsquo;autres passionn\u00e9s comme vous ? Rejoignez-nous pour nos ap\u00e9ritifs litt\u00e9raires, un moment de partage convivial o\u00f9 l&rsquo;on parle de fantastique, de science-fiction, de fantasy et bien plus encore ! C&rsquo;est l&rsquo;occasion parfaite de [&hellip;]\" \/>\n<meta property=\"og:url\" content=\"https:\/\/dragonscurieux.com\/index.php\/les-aperos-litteraires-2025-2026\/\" \/>\n<meta property=\"og:site_name\" content=\"Dragons curieux\" \/>\n<meta property=\"article:modified_time\" content=\"2025-09-08T18:56:51+00:00\" \/>\n<meta property=\"og:image\" content=\"https:\/\/dragonscurieux.com\/wp-content\/uploads\/2025\/09\/Affiche-Poster-Programme-Evenements-du-Mois-Moderne-Organic-Beige-Pastel_20250908_204014_0000-1.jpg\" \/>\n\t<meta property=\"og:image:width\" content=\"1414\" \/>\n\t<meta property=\"og:image:height\" content=\"1999\" \/>\n\t<meta property=\"og:image:type\" content=\"image\/jpeg\" \/>\n<meta name=\"twitter:card\" content=\"summary_large_image\" \/>\n<meta name=\"twitter:label1\" content=\"Dur\u00e9e de lecture estim\u00e9e\" \/>\n\t<meta name=\"twitter:data1\" content=\"1 minute\" \/>\n<script type=\"application\/ld+json\" class=\"yoast-schema-graph\">{\"@context\":\"https:\/\/schema.org\",\"@graph\":[{\"@type\":\"WebPage\",\"@id\":\"https:\/\/dragonscurieux.com\/index.php\/les-aperos-litteraires-2025-2026\/\",\"url\":\"https:\/\/dragonscurieux.com\/index.php\/les-aperos-litteraires-2025-2026\/\",\"name\":\"Les ap\u00e9ros litt\u00e9raires 2025 - 2026 - Dragons curieux\",\"isPartOf\":{\"@id\":\"https:\/\/dragonscurieux.com\/#website\"},\"datePublished\":\"2025-09-08T18:45:37+00:00\",\"dateModified\":\"2025-09-08T18:56:51+00:00\",\"breadcrumb\":{\"@id\":\"https:\/\/dragonscurieux.com\/index.php\/les-aperos-litteraires-2025-2026\/#breadcrumb\"},\"inLanguage\":\"fr-FR\",\"potentialAction\":[{\"@type\":\"ReadAction\",\"target\":[\"https:\/\/dragonscurieux.com\/index.php\/les-aperos-litteraires-2025-2026\/\"]}]},{\"@type\":\"BreadcrumbList\",\"@id\":\"https:\/\/dragonscurieux.com\/index.php\/les-aperos-litteraires-2025-2026\/#breadcrumb\",\"itemListElement\":[{\"@type\":\"ListItem\",\"position\":1,\"name\":\"Accueil\",\"item\":\"https:\/\/dragonscurieux.com\/\"},{\"@type\":\"ListItem\",\"position\":2,\"name\":\"Les ap\u00e9ros litt\u00e9raires 2025 &#8211; 2026\"}]},{\"@type\":\"WebSite\",\"@id\":\"https:\/\/dragonscurieux.com\/#website\",\"url\":\"https:\/\/dragonscurieux.com\/\",\"name\":\"Dragons curieux\",\"description\":\"\",\"publisher\":{\"@id\":\"https:\/\/dragonscurieux.com\/#organization\"},\"potentialAction\":[{\"@type\":\"SearchAction\",\"target\":{\"@type\":\"EntryPoint\",\"urlTemplate\":\"https:\/\/dragonscurieux.com\/?s={search_term_string}\"},\"query-input\":\"required name=search_term_string\"}],\"inLanguage\":\"fr-FR\"},{\"@type\":\"Organization\",\"@id\":\"https:\/\/dragonscurieux.com\/#organization\",\"name\":\"Dragons curieux\",\"url\":\"https:\/\/dragonscurieux.com\/\",\"logo\":{\"@type\":\"ImageObject\",\"inLanguage\":\"fr-FR\",\"@id\":\"https:\/\/dragonscurieux.com\/#\/schema\/logo\/image\/\",\"url\":\"https:\/\/dragonscurieux.com\/wp-content\/uploads\/2022\/09\/cropped-illustartion-blog.png\",\"contentUrl\":\"https:\/\/dragonscurieux.com\/wp-content\/uploads\/2022\/09\/cropped-illustartion-blog.png\",\"width\":1200,\"height\":474,\"caption\":\"Dragons curieux\"},\"image\":{\"@id\":\"https:\/\/dragonscurieux.com\/#\/schema\/logo\/image\/\"}}]}<\/script>\n<!-- \/ Yoast SEO plugin. -->","yoast_head_json":{"title":"Les ap\u00e9ros litt\u00e9raires 2025 - 2026 - Dragons curieux","robots":{"index":"index","follow":"follow","max-snippet":"max-snippet:-1","max-image-preview":"max-image-preview:large","max-video-preview":"max-video-preview:-1"},"canonical":"https:\/\/dragonscurieux.com\/index.php\/les-aperos-litteraires-2025-2026\/","og_locale":"fr_FR","og_type":"article","og_title":"Les ap\u00e9ros litt\u00e9raires 2025 - 2026 - Dragons curieux","og_description":"Salut \u00e0 tous les amoureux de l&rsquo;imaginaire ! Envie de discuter de vos lectures, de d\u00e9couvrir de nouveaux univers et de rencontrer d&rsquo;autres passionn\u00e9s comme vous ? Rejoignez-nous pour nos ap\u00e9ritifs litt\u00e9raires, un moment de partage convivial o\u00f9 l&rsquo;on parle de fantastique, de science-fiction, de fantasy et bien plus encore ! C&rsquo;est l&rsquo;occasion parfaite de [&hellip;]","og_url":"https:\/\/dragonscurieux.com\/index.php\/les-aperos-litteraires-2025-2026\/","og_site_name":"Dragons curieux","article_modified_time":"2025-09-08T18:56:51+00:00","og_image":[{"width":1414,"height":1999,"url":"https:\/\/dragonscurieux.com\/wp-content\/uploads\/2025\/09\/Affiche-Poster-Programme-Evenements-du-Mois-Moderne-Organic-Beige-Pastel_20250908_204014_0000-1.jpg","type":"image\/jpeg"}],"twitter_card":"summary_large_image","twitter_misc":{"Dur\u00e9e de lecture estim\u00e9e":"1 minute"},"schema":{"@context":"https:\/\/schema.org","@graph":[{"@type":"WebPage","@id":"https:\/\/dragonscurieux.com\/index.php\/les-aperos-litteraires-2025-2026\/","url":"https:\/\/dragonscurieux.com\/index.php\/les-aperos-litteraires-2025-2026\/","name":"Les ap\u00e9ros litt\u00e9raires 2025 - 2026 - Dragons curieux","isPartOf":{"@id":"https:\/\/dragonscurieux.com\/#website"},"datePublished":"2025-09-08T18:45:37+00:00","dateModified":"2025-09-08T18:56:51+00:00","breadcrumb":{"@id":"https:\/\/dragonscurieux.com\/index.php\/les-aperos-litteraires-2025-2026\/#breadcrumb"},"inLanguage":"fr-FR","potentialAction":[{"@type":"ReadAction","target":["https:\/\/dragonscurieux.com\/index.php\/les-aperos-litteraires-2025-2026\/"]}]},{"@type":"BreadcrumbList","@id":"https:\/\/dragonscurieux.com\/index.php\/les-aperos-litteraires-2025-2026\/#breadcrumb","itemListElement":[{"@type":"ListItem","position":1,"name":"Accueil","item":"https:\/\/dragonscurieux.com\/"},{"@type":"ListItem","position":2,"name":"Les ap\u00e9ros litt\u00e9raires 2025 &#8211; 2026"}]},{"@type":"WebSite","@id":"https:\/\/dragonscurieux.com\/#website","url":"https:\/\/dragonscurieux.com\/","name":"Dragons curieux","description":"","publisher":{"@id":"https:\/\/dragonscurieux.com\/#organization"},"potentialAction":[{"@type":"SearchAction","target":{"@type":"EntryPoint","urlTemplate":"https:\/\/dragonscurieux.com\/?s={search_term_string}"},"query-input":"required name=search_term_string"}],"inLanguage":"fr-FR"},{"@type":"Organization","@id":"https:\/\/dragonscurieux.com\/#organization","name":"Dragons curieux","url":"https:\/\/dragonscurieux.com\/","logo":{"@type":"ImageObject","inLanguage":"fr-FR","@id":"https:\/\/dragonscurieux.com\/#\/schema\/logo\/image\/","url":"https:\/\/dragonscurieux.com\/wp-content\/uploads\/2022\/09\/cropped-illustartion-blog.png","contentUrl":"https:\/\/dragonscurieux.com\/wp-content\/uploads\/2022\/09\/cropped-illustartion-blog.png","width":1200,"height":474,"caption":"Dragons curieux"},"image":{"@id":"https:\/\/dragonscurieux.com\/#\/schema\/logo\/image\/"}}]}},"_links":{"self":[{"href":"https:\/\/dragonscurieux.com\/index.php\/wp-json\/wp\/v2\/pages\/432","targetHints":{"allow":["GET"]}}],"collection":[{"href":"https:\/\/dragonscurieux.com\/index.php\/wp-json\/wp\/v2\/pages"}],"about":[{"href":"https:\/\/dragonscurieux.com\/index.php\/wp-json\/wp\/v2\/types\/page"}],"author":[{"embeddable":true,"href":"https:\/\/dragonscurieux.com\/index.php\/wp-json\/wp\/v2\/users\/1"}],"replies":[{"embeddable":true,"href":"https:\/\/dragonscurieux.com\/index.php\/wp-json\/wp\/v2\/comments?post=432"}],"version-history":[{"count":3,"href":"https:\/\/dragonscurieux.com\/index.php\/wp-json\/wp\/v2\/pages\/432\/revisions"}],"predecessor-version":[{"id":448,"href":"https:\/\/dragonscurieux.com\/index.php\/wp-json\/wp\/v2\/pages\/432\/revisions\/448"}],"wp:featuredmedia":[{"embeddable":true,"href":"https:\/\/dragonscurieux.com\/index.php\/wp-json\/wp\/v2\/media\/433"}],"wp:attachment":[{"href":"https:\/\/dragonscurieux.com\/index.php\/wp-json\/wp\/v2\/media?parent=432"}],"curies":[{"name":"wp","href":"https:\/\/api.w.org\/{rel}","templated":true}]}}