{"id":435,"date":"2025-09-08T18:49:08","date_gmt":"2025-09-08T18:49:08","guid":{"rendered":"https:\/\/dragonscurieux.com\/?page_id=435"},"modified":"2025-09-09T19:21:48","modified_gmt":"2025-09-09T19:21:48","slug":"les-petits-phenix-2025-2026","status":"publish","type":"page","link":"https:\/\/dragonscurieux.com\/index.php\/les-petits-phenix-2025-2026\/","title":{"rendered":"Les Petits Ph\u00e9nix 2025 &#8211; 2026"},"content":{"rendered":"\n<p>M\u00e9diath\u00e8que L&rsquo;Oiseau Lire<br><a href=\"https:\/\/www.google.com\/maps\/place\/\/data=!4m2!3m1!1s0x47f551b838014e07:0xa448522c8397bcec?sa=X&amp;ved=1t:8290&amp;ictx=111\">45 Rue de l&rsquo;Etrau, 26320 Saint-Marcel-l\u00e8s-Valence<\/a><br><br><strong>Inscription aupr\u00e8s de la m\u00e9diath\u00e8que <\/strong><a href=\"https:\/\/www.google.com\/search?q=m%C3%A9diath%C3%A8que+de+saint+marcel&amp;rlz=1CAXSDZ_enFR1174FR1174&amp;oq=m%C3%A9diath%C3%A8que+de+saint+marcel&amp;gs_lcrp=EgZjaHJvbWUyBggAEEUYOTIJCAEQABgeGKkGMgkIAhAAGB4YqQYyCQgDEAAYHhipBjIICAQQABgWGB4yCAgFEAAYFhgeMggIBhAAGBYYHjIICAcQABgWGB4yCAgIEAAYFhgeMgoICRAAGIAEGKIE0gEIMzk2MWowajeoAgiwAgHxBeVyxnBPVpkG8QXlcsZwT1aZBg&amp;sourceid=chrome&amp;ie=UTF-8#\">04 27 24 06 08<\/a> ou mediatheque@saint-marcel-les-valence.fr<br><\/p>\n\n\n\n<hr class=\"wp-block-separator has-alpha-channel-opacity\"\/>\n\n\n\n<p>Votre enfant a entre 9 et 12 ans et il adore la lecture ?<\/p>\n\n\n\n<p>Offrez-lui une aventure inoubliable avec le <strong>Club des Petits Ph\u00e9nix<\/strong> sp\u00e9cialement con\u00e7u pour les jeunes explorateurs de l&rsquo;imaginaire !<\/p>\n\n\n\n<p>Chaque mois, nous nous retrouvons pour :<\/p>\n\n\n\n<ul class=\"wp-block-list\">\n<li>D\u00e9couvrir de nouveaux livres de fantasy, de science-fiction et d&rsquo;autres mondes imaginaires.<\/li>\n\n\n\n<li>Partager nos avis sur nos derni\u00e8res lectures et nos personnages pr\u00e9f\u00e9r\u00e9s.<\/li>\n\n\n\n<li>Participer \u00e0 des discussions anim\u00e9es, des jeux et des d\u00e9fis cr\u00e9atifs.<\/li>\n<\/ul>\n\n\n\n<p>Ici, la lecture est une vraie partie de plaisir !<\/p>\n\n\n\n<p>Le Club des Petits Ph\u00e9nix est un lieu parfait pour :<\/p>\n\n\n\n<ul class=\"wp-block-list\">\n<li>D\u00e9velopper son imagination.<\/li>\n\n\n\n<li>Rencontrer de nouveaux amis qui partagent la m\u00eame passion.<\/li>\n\n\n\n<li>S&rsquo;exprimer et donner son avis en toute libert\u00e9.<\/li>\n<\/ul>\n\n\n\n<p>Donnez \u00e0 votre enfant le go\u00fbt de la lecture !<\/p>\n\n\n\n<figure class=\"wp-block-image size-large\"><img loading=\"lazy\" decoding=\"async\" width=\"576\" height=\"1024\" src=\"https:\/\/dragonscurieux.com\/wp-content\/uploads\/2025\/09\/IMG-20250908-WA0001-576x1024.jpg\" alt=\"\" class=\"wp-image-443\" srcset=\"https:\/\/dragonscurieux.com\/wp-content\/uploads\/2025\/09\/IMG-20250908-WA0001-576x1024.jpg 576w, https:\/\/dragonscurieux.com\/wp-content\/uploads\/2025\/09\/IMG-20250908-WA0001-169x300.jpg 169w, https:\/\/dragonscurieux.com\/wp-content\/uploads\/2025\/09\/IMG-20250908-WA0001-768x1366.jpg 768w, https:\/\/dragonscurieux.com\/wp-content\/uploads\/2025\/09\/IMG-20250908-WA0001-864x1536.jpg 864w, https:\/\/dragonscurieux.com\/wp-content\/uploads\/2025\/09\/IMG-20250908-WA0001.jpg 899w\" sizes=\"auto, (max-width: 576px) 100vw, 576px\" \/><\/figure>\n","protected":false},"excerpt":{"rendered":"<p>M\u00e9diath\u00e8que L&rsquo;Oiseau Lire45 Rue de l&rsquo;Etrau, 26320 Saint-Marcel-l\u00e8s-Valence Inscription aupr\u00e8s de la m\u00e9diath\u00e8que 04 27 24 06 08 ou mediatheque@saint-marcel-les-valence.fr Votre enfant a entre 9 et 12 ans et il adore la lecture ? Offrez-lui une aventure inoubliable avec le Club des Petits Ph\u00e9nix sp\u00e9cialement con\u00e7u pour les jeunes explorateurs de l&rsquo;imaginaire ! Chaque mois, [&hellip;]<\/p>\n","protected":false},"author":1,"featured_media":0,"parent":0,"menu_order":0,"comment_status":"closed","ping_status":"closed","template":"","meta":{"om_disable_all_campaigns":false,"_mi_skip_tracking":false,"_monsterinsights_sitenote_active":false,"_monsterinsights_sitenote_note":"","_monsterinsights_sitenote_category":0,"cybocfi_hide_featured_image":"","footnotes":""},"class_list":["post-435","page","type-page","status-publish","hentry","entry"],"yoast_head":"<!-- This site is optimized with the Yoast SEO plugin v20.13 - https:\/\/yoast.com\/wordpress\/plugins\/seo\/ -->\n<title>Les Petits Ph\u00e9nix 2025 - 2026 - Dragons curieux<\/title>\n<meta name=\"robots\" content=\"index, follow, max-snippet:-1, max-image-preview:large, max-video-preview:-1\" \/>\n<link rel=\"canonical\" href=\"https:\/\/dragonscurieux.com\/index.php\/les-petits-phenix-2025-2026\/\" \/>\n<meta property=\"og:locale\" content=\"fr_FR\" \/>\n<meta property=\"og:type\" content=\"article\" \/>\n<meta property=\"og:title\" content=\"Les Petits Ph\u00e9nix 2025 - 2026 - Dragons curieux\" \/>\n<meta property=\"og:description\" content=\"M\u00e9diath\u00e8que L&rsquo;Oiseau Lire45 Rue de l&rsquo;Etrau, 26320 Saint-Marcel-l\u00e8s-Valence Inscription aupr\u00e8s de la m\u00e9diath\u00e8que 04 27 24 06 08 ou mediatheque@saint-marcel-les-valence.fr Votre enfant a entre 9 et 12 ans et il adore la lecture ? Offrez-lui une aventure inoubliable avec le Club des Petits Ph\u00e9nix sp\u00e9cialement con\u00e7u pour les jeunes explorateurs de l&rsquo;imaginaire ! Chaque mois, [&hellip;]\" \/>\n<meta property=\"og:url\" content=\"https:\/\/dragonscurieux.com\/index.php\/les-petits-phenix-2025-2026\/\" \/>\n<meta property=\"og:site_name\" content=\"Dragons curieux\" \/>\n<meta property=\"article:modified_time\" content=\"2025-09-09T19:21:48+00:00\" \/>\n<meta property=\"og:image\" content=\"https:\/\/dragonscurieux.com\/wp-content\/uploads\/2025\/09\/IMG-20250908-WA0001-576x1024.jpg\" \/>\n<meta name=\"twitter:card\" content=\"summary_large_image\" \/>\n<meta name=\"twitter:label1\" content=\"Dur\u00e9e de lecture estim\u00e9e\" \/>\n\t<meta name=\"twitter:data1\" content=\"1 minute\" \/>\n<script type=\"application\/ld+json\" class=\"yoast-schema-graph\">{\"@context\":\"https:\/\/schema.org\",\"@graph\":[{\"@type\":\"WebPage\",\"@id\":\"https:\/\/dragonscurieux.com\/index.php\/les-petits-phenix-2025-2026\/\",\"url\":\"https:\/\/dragonscurieux.com\/index.php\/les-petits-phenix-2025-2026\/\",\"name\":\"Les Petits Ph\u00e9nix 2025 - 2026 - Dragons curieux\",\"isPartOf\":{\"@id\":\"https:\/\/dragonscurieux.com\/#website\"},\"datePublished\":\"2025-09-08T18:49:08+00:00\",\"dateModified\":\"2025-09-09T19:21:48+00:00\",\"breadcrumb\":{\"@id\":\"https:\/\/dragonscurieux.com\/index.php\/les-petits-phenix-2025-2026\/#breadcrumb\"},\"inLanguage\":\"fr-FR\",\"potentialAction\":[{\"@type\":\"ReadAction\",\"target\":[\"https:\/\/dragonscurieux.com\/index.php\/les-petits-phenix-2025-2026\/\"]}]},{\"@type\":\"BreadcrumbList\",\"@id\":\"https:\/\/dragonscurieux.com\/index.php\/les-petits-phenix-2025-2026\/#breadcrumb\",\"itemListElement\":[{\"@type\":\"ListItem\",\"position\":1,\"name\":\"Accueil\",\"item\":\"https:\/\/dragonscurieux.com\/\"},{\"@type\":\"ListItem\",\"position\":2,\"name\":\"Les Petits Ph\u00e9nix 2025 &#8211; 2026\"}]},{\"@type\":\"WebSite\",\"@id\":\"https:\/\/dragonscurieux.com\/#website\",\"url\":\"https:\/\/dragonscurieux.com\/\",\"name\":\"Dragons curieux\",\"description\":\"\",\"publisher\":{\"@id\":\"https:\/\/dragonscurieux.com\/#organization\"},\"potentialAction\":[{\"@type\":\"SearchAction\",\"target\":{\"@type\":\"EntryPoint\",\"urlTemplate\":\"https:\/\/dragonscurieux.com\/?s={search_term_string}\"},\"query-input\":\"required name=search_term_string\"}],\"inLanguage\":\"fr-FR\"},{\"@type\":\"Organization\",\"@id\":\"https:\/\/dragonscurieux.com\/#organization\",\"name\":\"Dragons curieux\",\"url\":\"https:\/\/dragonscurieux.com\/\",\"logo\":{\"@type\":\"ImageObject\",\"inLanguage\":\"fr-FR\",\"@id\":\"https:\/\/dragonscurieux.com\/#\/schema\/logo\/image\/\",\"url\":\"https:\/\/dragonscurieux.com\/wp-content\/uploads\/2022\/09\/cropped-illustartion-blog.png\",\"contentUrl\":\"https:\/\/dragonscurieux.com\/wp-content\/uploads\/2022\/09\/cropped-illustartion-blog.png\",\"width\":1200,\"height\":474,\"caption\":\"Dragons curieux\"},\"image\":{\"@id\":\"https:\/\/dragonscurieux.com\/#\/schema\/logo\/image\/\"}}]}<\/script>\n<!-- \/ Yoast SEO plugin. -->","yoast_head_json":{"title":"Les Petits Ph\u00e9nix 2025 - 2026 - Dragons curieux","robots":{"index":"index","follow":"follow","max-snippet":"max-snippet:-1","max-image-preview":"max-image-preview:large","max-video-preview":"max-video-preview:-1"},"canonical":"https:\/\/dragonscurieux.com\/index.php\/les-petits-phenix-2025-2026\/","og_locale":"fr_FR","og_type":"article","og_title":"Les Petits Ph\u00e9nix 2025 - 2026 - Dragons curieux","og_description":"M\u00e9diath\u00e8que L&rsquo;Oiseau Lire45 Rue de l&rsquo;Etrau, 26320 Saint-Marcel-l\u00e8s-Valence Inscription aupr\u00e8s de la m\u00e9diath\u00e8que 04 27 24 06 08 ou mediatheque@saint-marcel-les-valence.fr Votre enfant a entre 9 et 12 ans et il adore la lecture ? Offrez-lui une aventure inoubliable avec le Club des Petits Ph\u00e9nix sp\u00e9cialement con\u00e7u pour les jeunes explorateurs de l&rsquo;imaginaire ! Chaque mois, [&hellip;]","og_url":"https:\/\/dragonscurieux.com\/index.php\/les-petits-phenix-2025-2026\/","og_site_name":"Dragons curieux","article_modified_time":"2025-09-09T19:21:48+00:00","og_image":[{"url":"https:\/\/dragonscurieux.com\/wp-content\/uploads\/2025\/09\/IMG-20250908-WA0001-576x1024.jpg"}],"twitter_card":"summary_large_image","twitter_misc":{"Dur\u00e9e de lecture estim\u00e9e":"1 minute"},"schema":{"@context":"https:\/\/schema.org","@graph":[{"@type":"WebPage","@id":"https:\/\/dragonscurieux.com\/index.php\/les-petits-phenix-2025-2026\/","url":"https:\/\/dragonscurieux.com\/index.php\/les-petits-phenix-2025-2026\/","name":"Les Petits Ph\u00e9nix 2025 - 2026 - Dragons curieux","isPartOf":{"@id":"https:\/\/dragonscurieux.com\/#website"},"datePublished":"2025-09-08T18:49:08+00:00","dateModified":"2025-09-09T19:21:48+00:00","breadcrumb":{"@id":"https:\/\/dragonscurieux.com\/index.php\/les-petits-phenix-2025-2026\/#breadcrumb"},"inLanguage":"fr-FR","potentialAction":[{"@type":"ReadAction","target":["https:\/\/dragonscurieux.com\/index.php\/les-petits-phenix-2025-2026\/"]}]},{"@type":"BreadcrumbList","@id":"https:\/\/dragonscurieux.com\/index.php\/les-petits-phenix-2025-2026\/#breadcrumb","itemListElement":[{"@type":"ListItem","position":1,"name":"Accueil","item":"https:\/\/dragonscurieux.com\/"},{"@type":"ListItem","position":2,"name":"Les Petits Ph\u00e9nix 2025 &#8211; 2026"}]},{"@type":"WebSite","@id":"https:\/\/dragonscurieux.com\/#website","url":"https:\/\/dragonscurieux.com\/","name":"Dragons curieux","description":"","publisher":{"@id":"https:\/\/dragonscurieux.com\/#organization"},"potentialAction":[{"@type":"SearchAction","target":{"@type":"EntryPoint","urlTemplate":"https:\/\/dragonscurieux.com\/?s={search_term_string}"},"query-input":"required name=search_term_string"}],"inLanguage":"fr-FR"},{"@type":"Organization","@id":"https:\/\/dragonscurieux.com\/#organization","name":"Dragons curieux","url":"https:\/\/dragonscurieux.com\/","logo":{"@type":"ImageObject","inLanguage":"fr-FR","@id":"https:\/\/dragonscurieux.com\/#\/schema\/logo\/image\/","url":"https:\/\/dragonscurieux.com\/wp-content\/uploads\/2022\/09\/cropped-illustartion-blog.png","contentUrl":"https:\/\/dragonscurieux.com\/wp-content\/uploads\/2022\/09\/cropped-illustartion-blog.png","width":1200,"height":474,"caption":"Dragons curieux"},"image":{"@id":"https:\/\/dragonscurieux.com\/#\/schema\/logo\/image\/"}}]}},"_links":{"self":[{"href":"https:\/\/dragonscurieux.com\/index.php\/wp-json\/wp\/v2\/pages\/435","targetHints":{"allow":["GET"]}}],"collection":[{"href":"https:\/\/dragonscurieux.com\/index.php\/wp-json\/wp\/v2\/pages"}],"about":[{"href":"https:\/\/dragonscurieux.com\/index.php\/wp-json\/wp\/v2\/types\/page"}],"author":[{"embeddable":true,"href":"https:\/\/dragonscurieux.com\/index.php\/wp-json\/wp\/v2\/users\/1"}],"replies":[{"embeddable":true,"href":"https:\/\/dragonscurieux.com\/index.php\/wp-json\/wp\/v2\/comments?post=435"}],"version-history":[{"count":5,"href":"https:\/\/dragonscurieux.com\/index.php\/wp-json\/wp\/v2\/pages\/435\/revisions"}],"predecessor-version":[{"id":461,"href":"https:\/\/dragonscurieux.com\/index.php\/wp-json\/wp\/v2\/pages\/435\/revisions\/461"}],"wp:attachment":[{"href":"https:\/\/dragonscurieux.com\/index.php\/wp-json\/wp\/v2\/media?parent=435"}],"curies":[{"name":"wp","href":"https:\/\/api.w.org\/{rel}","templated":true}]}}